{"id":1652,"date":"2024-12-19T13:02:43","date_gmt":"2024-12-19T12:02:43","guid":{"rendered":"https:\/\/piscinesvilabertran.com\/formas-piscinas\/"},"modified":"2025-08-17T02:07:39","modified_gmt":"2025-08-17T00:07:39","slug":"formas-piscinas","status":"publish","type":"page","link":"https:\/\/piscinesvilabertran.com\/es\/formas-piscinas\/","title":{"rendered":"Formas Piscinas"},"content":{"rendered":"\t\t<div data-elementor-type=\"wp-page\" data-elementor-id=\"1652\" class=\"elementor elementor-1652 elementor-430\" data-elementor-post-type=\"page\">\n\t\t\t\t<div class=\"elementor-element elementor-element-570e9b1 e-flex e-con-boxed e-con e-parent\" data-id=\"570e9b1\" data-element_type=\"container\" data-settings=\"{&quot;background_background&quot;:&quot;classic&quot;}\">\n\t\t\t\t\t<div class=\"e-con-inner\">\n\t\t\t\t<div class=\"elementor-element elementor-element-e16a4cd elementor-widget-tablet__width-initial elementor-widget__width-initial elementor-widget elementor-widget-heading\" data-id=\"e16a4cd\" data-element_type=\"widget\" data-widget_type=\"heading.default\">\n\t\t\t\t\t<h1 class=\"elementor-heading-title elementor-size-default\">Nos adaptamos al terreno<br>y a la forma que desees<\/h1>\t\t\t\t<\/div>\n\t\t\t\t<div class=\"elementor-element elementor-element-cec4e4e elementor-mobile-align-left elementor-widget elementor-widget-button\" data-id=\"cec4e4e\" data-element_type=\"widget\" data-widget_type=\"button.default\">\n\t\t\t\t\t\t\t\t\t\t<a class=\"elementor-button elementor-button-link elementor-size-sm\" href=\"https:\/\/piscinesvilabertran.com\/es\/contacto\/\">\n\t\t\t\t\t\t<span class=\"elementor-button-content-wrapper\">\n\t\t\t\t\t\t\t\t\t<span class=\"elementor-button-text\">RESERVAR CITA<\/span>\n\t\t\t\t\t<\/span>\n\t\t\t\t\t<\/a>\n\t\t\t\t\t\t\t\t<\/div>\n\t\t\t\t\t<\/div>\n\t\t\t\t<\/div>\n\t\t<div class=\"elementor-element elementor-element-9a58648 e-flex e-con-boxed e-con e-parent\" data-id=\"9a58648\" data-element_type=\"container\" data-settings=\"{&quot;background_background&quot;:&quot;gradient&quot;}\">\n\t\t\t\t\t<div class=\"e-con-inner\">\n\t\t\t\t<div class=\"elementor-element elementor-element-d996c69 elementor-widget-mobile__width-initial elementor-widget elementor-widget-heading\" data-id=\"d996c69\" data-element_type=\"widget\" data-widget_type=\"heading.default\">\n\t\t\t\t\t<h2 class=\"elementor-heading-title elementor-size-default\">\u00bfEn qu\u00e9 tipo de piscina pensabas?<\/h2>\t\t\t\t<\/div>\n\t\t\t\t<div class=\"elementor-element elementor-element-76af906 elementor-widget-divider--view-line elementor-widget elementor-widget-divider\" data-id=\"76af906\" data-element_type=\"widget\" data-widget_type=\"divider.default\">\n\t\t\t\t\t\t\t<div class=\"elementor-divider\">\n\t\t\t<span class=\"elementor-divider-separator\">\n\t\t\t\t\t\t<\/span>\n\t\t<\/div>\n\t\t\t\t\t\t<\/div>\n\t\t<div class=\"elementor-element elementor-element-0d26117 e-con-full e-flex e-con e-child\" data-id=\"0d26117\" data-element_type=\"container\">\n\t\t<div class=\"elementor-element elementor-element-aefae03 e-grid e-con-full e-con e-child\" data-id=\"aefae03\" data-element_type=\"container\">\n\t\t<div class=\"elementor-element elementor-element-50c47b9 e-con-full e-flex e-con e-child\" data-id=\"50c47b9\" data-element_type=\"container\" data-settings=\"{&quot;background_background&quot;:&quot;classic&quot;}\">\n\t\t<div class=\"elementor-element elementor-element-c7c23a7 e-con-full e-flex e-con e-child\" data-id=\"c7c23a7\" data-element_type=\"container\" data-settings=\"{&quot;background_background&quot;:&quot;classic&quot;}\">\n\t\t\t\t<div class=\"elementor-element elementor-element-46ef65a elementor-widget elementor-widget-button\" data-id=\"46ef65a\" data-element_type=\"widget\" data-widget_type=\"button.default\">\n\t\t\t\t\t\t\t\t\t\t<a class=\"elementor-button elementor-button-link elementor-size-sm\" href=\"#\">\n\t\t\t\t\t\t<span class=\"elementor-button-content-wrapper\">\n\t\t\t\t\t\t\t\t\t<span class=\"elementor-button-text\">INFINITY<\/span>\n\t\t\t\t\t<\/span>\n\t\t\t\t\t<\/a>\n\t\t\t\t\t\t\t\t<\/div>\n\t\t\t\t<\/div>\n\t\t<div class=\"elementor-element elementor-element-021e570 e-con-full e-flex e-con e-child\" data-id=\"021e570\" data-element_type=\"container\" data-settings=\"{&quot;background_background&quot;:&quot;classic&quot;}\">\n\t\t\t\t<div class=\"elementor-element elementor-element-38d08af elementor-widget elementor-widget-text-editor\" data-id=\"38d08af\" data-element_type=\"widget\" data-widget_type=\"text-editor.default\">\n\t\t\t\t\t\t\t\t\t<p>La caseta de filtraci\u00f3n es donde ir\u00e1 toda la maquinaria, principalmente la bomba y el filtro.<br>Seg\u00fan la est\u00e9tica de la vivienda y del terreno que tengas, se puede montar en el jard\u00edn o tambi\u00e9n se puede soterrar para que no se vea.<br>El punto donde se ubica esta sala de m\u00e1quinas debe tener conexi\u00f3n de agua, luz y desag\u00fces.<\/p>\t\t\t\t\t\t\t\t<\/div>\n\t\t\t\t<div class=\"elementor-element elementor-element-d00a710 elementor-align-center elementor-widget elementor-widget-button\" data-id=\"d00a710\" data-element_type=\"widget\" data-widget_type=\"button.default\">\n\t\t\t\t\t\t\t\t\t\t<a class=\"elementor-button elementor-button-link elementor-size-sm\" href=\"https:\/\/piscinesvilabertran.com\/es\/contacto\/\">\n\t\t\t\t\t\t<span class=\"elementor-button-content-wrapper\">\n\t\t\t\t\t\t\t\t\t<span class=\"elementor-button-text\">SOLICITAR INFORMACI\u00d3N<\/span>\n\t\t\t\t\t<\/span>\n\t\t\t\t\t<\/a>\n\t\t\t\t\t\t\t\t<\/div>\n\t\t\t\t<\/div>\n\t\t\t\t<\/div>\n\t\t<div class=\"elementor-element elementor-element-0a8b266 e-con-full e-flex e-con e-child\" data-id=\"0a8b266\" data-element_type=\"container\" data-settings=\"{&quot;background_background&quot;:&quot;classic&quot;}\">\n\t\t<div class=\"elementor-element elementor-element-7844f4e e-con-full e-flex e-con e-child\" data-id=\"7844f4e\" data-element_type=\"container\" data-settings=\"{&quot;background_background&quot;:&quot;classic&quot;}\">\n\t\t\t\t<div class=\"elementor-element elementor-element-18e017f elementor-widget elementor-widget-button\" data-id=\"18e017f\" data-element_type=\"widget\" data-widget_type=\"button.default\">\n\t\t\t\t\t\t\t\t\t\t<a class=\"elementor-button elementor-button-link elementor-size-sm\" href=\"#\">\n\t\t\t\t\t\t<span class=\"elementor-button-content-wrapper\">\n\t\t\t\t\t\t\t\t\t<span class=\"elementor-button-text\">FIBRA<\/span>\n\t\t\t\t\t<\/span>\n\t\t\t\t\t<\/a>\n\t\t\t\t\t\t\t\t<\/div>\n\t\t\t\t<\/div>\n\t\t<div class=\"elementor-element elementor-element-5453e66 e-con-full e-flex e-con e-child\" data-id=\"5453e66\" data-element_type=\"container\" data-settings=\"{&quot;background_background&quot;:&quot;classic&quot;}\">\n\t\t\t\t<div class=\"elementor-element elementor-element-7d29226 elementor-widget elementor-widget-text-editor\" data-id=\"7d29226\" data-element_type=\"widget\" data-widget_type=\"text-editor.default\">\n\t\t\t\t\t\t\t\t\t<p>Dentro del vaso impermeable se realiza una escalera de \u201cobra con la forma que se desee.<br>Actualmente est\u00e1 muy de moda poner una peque\u00f1a playa o un banco para sentarse, aunque tambi\u00e9n se siguen poniendo escaleras de\u201d acero inoxidable que ocupan menos espacio pero son m\u00e1s dif\u00edciles a la \u201chora de subir para salir del\u201d agua.<\/p>\t\t\t\t\t\t\t\t<\/div>\n\t\t\t\t<div class=\"elementor-element elementor-element-dd43de4 elementor-align-center elementor-widget elementor-widget-button\" data-id=\"dd43de4\" data-element_type=\"widget\" data-widget_type=\"button.default\">\n\t\t\t\t\t\t\t\t\t\t<a class=\"elementor-button elementor-button-link elementor-size-sm\" href=\"https:\/\/piscinesvilabertran.com\/es\/contacto\/\">\n\t\t\t\t\t\t<span class=\"elementor-button-content-wrapper\">\n\t\t\t\t\t\t\t\t\t<span class=\"elementor-button-text\">SOLICITAR INFORMACI\u00d3N<\/span>\n\t\t\t\t\t<\/span>\n\t\t\t\t\t<\/a>\n\t\t\t\t\t\t\t\t<\/div>\n\t\t\t\t<\/div>\n\t\t\t\t<\/div>\n\t\t<div class=\"elementor-element elementor-element-0f5a5e4 e-con-full e-flex e-con e-child\" data-id=\"0f5a5e4\" data-element_type=\"container\" data-settings=\"{&quot;background_background&quot;:&quot;classic&quot;}\">\n\t\t<div class=\"elementor-element elementor-element-126df0c e-con-full e-flex e-con e-child\" data-id=\"126df0c\" data-element_type=\"container\" data-settings=\"{&quot;background_background&quot;:&quot;classic&quot;}\">\n\t\t\t\t<div class=\"elementor-element elementor-element-e68d21f elementor-widget elementor-widget-button\" data-id=\"e68d21f\" data-element_type=\"widget\" data-widget_type=\"button.default\">\n\t\t\t\t\t\t\t\t\t\t<a class=\"elementor-button elementor-button-link elementor-size-sm\" href=\"#\">\n\t\t\t\t\t\t<span class=\"elementor-button-content-wrapper\">\n\t\t\t\t\t\t\t\t\t<span class=\"elementor-button-text\">HORMIG\u00d3N<\/span>\n\t\t\t\t\t<\/span>\n\t\t\t\t\t<\/a>\n\t\t\t\t\t\t\t\t<\/div>\n\t\t\t\t<\/div>\n\t\t<div class=\"elementor-element elementor-element-9ba4a4d e-con-full e-flex e-con e-child\" data-id=\"9ba4a4d\" data-element_type=\"container\" data-settings=\"{&quot;background_background&quot;:&quot;classic&quot;}\">\n\t\t\t\t<div class=\"elementor-element elementor-element-a62087b elementor-widget elementor-widget-text-editor\" data-id=\"a62087b\" data-element_type=\"widget\" data-widget_type=\"text-editor.default\">\n\t\t\t\t\t\t\t\t\t<p>Se pueden escoger diferentes colores del gresite interior de la piscina.<br>Las posibilidades son muy amplias.<br>Desde el t\u00edpico color azul con rejuntado blanco hasta colores mucho m\u00e1s modernos. A d\u00eda de hoy se utilizan m\u00e1s los tonos fr\u00edos como el gris y el blanco, para que combinen mejor con la est\u00e9tica de las casas modernas. <br>Pero la \u00faltima palabra la tiene el cliente. <br>\u00a1Para gustos, colores!<\/p>\t\t\t\t\t\t\t\t<\/div>\n\t\t\t\t<div class=\"elementor-element elementor-element-9b90499 elementor-align-center elementor-widget elementor-widget-button\" data-id=\"9b90499\" data-element_type=\"widget\" data-widget_type=\"button.default\">\n\t\t\t\t\t\t\t\t\t\t<a class=\"elementor-button elementor-button-link elementor-size-sm\" href=\"https:\/\/piscinesvilabertran.com\/es\/contacto\/\">\n\t\t\t\t\t\t<span class=\"elementor-button-content-wrapper\">\n\t\t\t\t\t\t\t\t\t<span class=\"elementor-button-text\">SOLICITAR INFORMACI\u00d3N<\/span>\n\t\t\t\t\t<\/span>\n\t\t\t\t\t<\/a>\n\t\t\t\t\t\t\t\t<\/div>\n\t\t\t\t<\/div>\n\t\t\t\t<\/div>\n\t\t<div class=\"elementor-element elementor-element-20053e3 e-con-full e-flex e-con e-child\" data-id=\"20053e3\" data-element_type=\"container\" data-settings=\"{&quot;background_background&quot;:&quot;classic&quot;}\">\n\t\t<div class=\"elementor-element elementor-element-1906073 e-con-full e-flex e-con e-child\" data-id=\"1906073\" data-element_type=\"container\" data-settings=\"{&quot;background_background&quot;:&quot;classic&quot;}\">\n\t\t\t\t<div class=\"elementor-element elementor-element-d1a93bd elementor-widget elementor-widget-button\" data-id=\"d1a93bd\" data-element_type=\"widget\" data-widget_type=\"button.default\">\n\t\t\t\t\t\t\t\t\t\t<a class=\"elementor-button elementor-button-link elementor-size-sm\" href=\"#\">\n\t\t\t\t\t\t<span class=\"elementor-button-content-wrapper\">\n\t\t\t\t\t\t\t\t\t<span class=\"elementor-button-text\">REVESTIMIENTO PORCEL\u00c1NICO<\/span>\n\t\t\t\t\t<\/span>\n\t\t\t\t\t<\/a>\n\t\t\t\t\t\t\t\t<\/div>\n\t\t\t\t<\/div>\n\t\t<div class=\"elementor-element elementor-element-545dbf3 e-con-full e-flex e-con e-child\" data-id=\"545dbf3\" data-element_type=\"container\" data-settings=\"{&quot;background_background&quot;:&quot;classic&quot;}\">\n\t\t\t\t<div class=\"elementor-element elementor-element-7e42c9f elementor-widget elementor-widget-text-editor\" data-id=\"7e42c9f\" data-element_type=\"widget\" data-widget_type=\"text-editor.default\">\n\t\t\t\t\t\t\t\t\t<p>Las luces para el interior de la piscina, actualmente son luces LED de color blanco. L \u201ca ventaja respecto a las luces hal\u00f3genas es que consumen menos energ\u00eda.<br>Tambi\u00e9n se pueden instalar luces LED de colores, con su mando a distancia.<br>L\u201d a ambientaci\u00f3n del jard\u00edn puede cambiar seg\u00fan los colores que te apetezcan esa noche.<\/p>\t\t\t\t\t\t\t\t<\/div>\n\t\t\t\t<div class=\"elementor-element elementor-element-ebbeeb7 elementor-align-center elementor-widget elementor-widget-button\" data-id=\"ebbeeb7\" data-element_type=\"widget\" data-widget_type=\"button.default\">\n\t\t\t\t\t\t\t\t\t\t<a class=\"elementor-button elementor-button-link elementor-size-sm\" href=\"https:\/\/piscinesvilabertran.com\/es\/contacto\/\">\n\t\t\t\t\t\t<span class=\"elementor-button-content-wrapper\">\n\t\t\t\t\t\t\t\t\t<span class=\"elementor-button-text\">SOLICITAR INFORMACI\u00d3N<\/span>\n\t\t\t\t\t<\/span>\n\t\t\t\t\t<\/a>\n\t\t\t\t\t\t\t\t<\/div>\n\t\t\t\t<\/div>\n\t\t\t\t<\/div>\n\t\t\t\t<\/div>\n\t\t\t\t<\/div>\n\t\t<div class=\"elementor-element elementor-element-024ccda e-con-full e-flex e-con e-child\" data-id=\"024ccda\" data-element_type=\"container\">\n\t\t<div class=\"elementor-element elementor-element-47ca1e7 e-grid e-con-full e-con e-child\" data-id=\"47ca1e7\" data-element_type=\"container\">\n\t\t<div class=\"elementor-element elementor-element-468c9e0 e-con-full e-flex e-con e-child\" data-id=\"468c9e0\" data-element_type=\"container\">\n\t\t<div class=\"elementor-element elementor-element-c896159 e-con-full e-flex e-con e-child\" data-id=\"c896159\" data-element_type=\"container\" data-settings=\"{&quot;background_background&quot;:&quot;classic&quot;}\">\n\t\t\t\t<div class=\"elementor-element elementor-element-f06d1ef elementor-widget elementor-widget-button\" data-id=\"f06d1ef\" data-element_type=\"widget\" data-widget_type=\"button.default\">\n\t\t\t\t\t\t\t\t\t\t<a class=\"elementor-button elementor-button-link elementor-size-sm\" href=\"#\">\n\t\t\t\t\t\t<span class=\"elementor-button-content-wrapper\">\n\t\t\t\t\t\t\t\t\t<span class=\"elementor-button-text\">DE SKIMMER<\/span>\n\t\t\t\t\t<\/span>\n\t\t\t\t\t<\/a>\n\t\t\t\t\t\t\t\t<\/div>\n\t\t\t\t<\/div>\n\t\t<div class=\"elementor-element elementor-element-1877b84 e-con-full e-flex e-con e-child\" data-id=\"1877b84\" data-element_type=\"container\" data-settings=\"{&quot;background_background&quot;:&quot;classic&quot;}\">\n\t\t\t\t<div class=\"elementor-element elementor-element-7becf52 elementor-widget elementor-widget-text-editor\" data-id=\"7becf52\" data-element_type=\"widget\" data-widget_type=\"text-editor.default\">\n\t\t\t\t\t\t\t\t\t<p>Los skimmers son las aberturas rectangulares a los lados de las piscinas de obra.<br>Est\u00e1n dise\u00f1ados para succionar los 4 mil\u00edmetros de la parte superior del agua y eliminar la suciedad que se pueda acumular (como por ejemplo la grasa de los protectores solares, hojas, etc.).<\/p>\t\t\t\t\t\t\t\t<\/div>\n\t\t\t\t<div class=\"elementor-element elementor-element-a267c78 elementor-align-center elementor-widget elementor-widget-button\" data-id=\"a267c78\" data-element_type=\"widget\" data-widget_type=\"button.default\">\n\t\t\t\t\t\t\t\t\t\t<a class=\"elementor-button elementor-button-link elementor-size-sm\" href=\"https:\/\/piscinesvilabertran.com\/es\/contacto\/\">\n\t\t\t\t\t\t<span class=\"elementor-button-content-wrapper\">\n\t\t\t\t\t\t\t\t\t<span class=\"elementor-button-text\">SOLICITAR INFORMACI\u00d3N<\/span>\n\t\t\t\t\t<\/span>\n\t\t\t\t\t<\/a>\n\t\t\t\t\t\t\t\t<\/div>\n\t\t\t\t<\/div>\n\t\t\t\t<\/div>\n\t\t<div class=\"elementor-element elementor-element-f2cb285 e-con-full e-flex e-con e-child\" data-id=\"f2cb285\" data-element_type=\"container\">\n\t\t<div class=\"elementor-element elementor-element-6bf4407 e-con-full e-flex e-con e-child\" data-id=\"6bf4407\" data-element_type=\"container\" data-settings=\"{&quot;background_background&quot;:&quot;classic&quot;}\">\n\t\t\t\t<div class=\"elementor-element elementor-element-8c72342 elementor-widget elementor-widget-button\" data-id=\"8c72342\" data-element_type=\"widget\" data-widget_type=\"button.default\">\n\t\t\t\t\t\t\t\t\t\t<a class=\"elementor-button elementor-button-link elementor-size-sm\" href=\"#\">\n\t\t\t\t\t\t<span class=\"elementor-button-content-wrapper\">\n\t\t\t\t\t\t\t\t\t<span class=\"elementor-button-text\">DESBORDANTES CON REJILLA<\/span>\n\t\t\t\t\t<\/span>\n\t\t\t\t\t<\/a>\n\t\t\t\t\t\t\t\t<\/div>\n\t\t\t\t<\/div>\n\t\t<div class=\"elementor-element elementor-element-5ed4b97 e-con-full e-flex e-con e-child\" data-id=\"5ed4b97\" data-element_type=\"container\" data-settings=\"{&quot;background_background&quot;:&quot;classic&quot;}\">\n\t\t\t\t<div class=\"elementor-element elementor-element-f455da4 elementor-widget elementor-widget-text-editor\" data-id=\"f455da4\" data-element_type=\"widget\" data-widget_type=\"text-editor.default\">\n\t\t\t\t\t\t\t\t\t<p>Son aquellas que tienen una rejilla en todo el per\u00edmetro para evitar que las hojas entren cuando pasa el agua. <br>S \u201ce consigue limpiar el\u201d agua (sin que las hojas obstruyan el proceso) y se retorna a la piscina. <\/p>\t\t\t\t\t\t\t\t<\/div>\n\t\t\t\t<div class=\"elementor-element elementor-element-39549d2 elementor-align-center elementor-widget elementor-widget-button\" data-id=\"39549d2\" data-element_type=\"widget\" data-widget_type=\"button.default\">\n\t\t\t\t\t\t\t\t\t\t<a class=\"elementor-button elementor-button-link elementor-size-sm\" href=\"https:\/\/piscinesvilabertran.com\/es\/contacto\/\">\n\t\t\t\t\t\t<span class=\"elementor-button-content-wrapper\">\n\t\t\t\t\t\t\t\t\t<span class=\"elementor-button-text\">SOLICITAR INFORMACI\u00d3N<\/span>\n\t\t\t\t\t<\/span>\n\t\t\t\t\t<\/a>\n\t\t\t\t\t\t\t\t<\/div>\n\t\t\t\t<\/div>\n\t\t\t\t<\/div>\n\t\t<div class=\"elementor-element elementor-element-e61c1e5 e-con-full e-flex e-con e-child\" data-id=\"e61c1e5\" data-element_type=\"container\">\n\t\t<div class=\"elementor-element elementor-element-abfa00e e-con-full e-flex e-con e-child\" data-id=\"abfa00e\" data-element_type=\"container\" data-settings=\"{&quot;background_background&quot;:&quot;classic&quot;}\">\n\t\t\t\t<div class=\"elementor-element elementor-element-7c57f26 elementor-widget elementor-widget-button\" data-id=\"7c57f26\" data-element_type=\"widget\" data-widget_type=\"button.default\">\n\t\t\t\t\t\t\t\t\t\t<a class=\"elementor-button elementor-button-link elementor-size-sm\" href=\"#\">\n\t\t\t\t\t\t<span class=\"elementor-button-content-wrapper\">\n\t\t\t\t\t\t\t\t\t<span class=\"elementor-button-text\">REVESTIMIENTO GRESITE<\/span>\n\t\t\t\t\t<\/span>\n\t\t\t\t\t<\/a>\n\t\t\t\t\t\t\t\t<\/div>\n\t\t\t\t<\/div>\n\t\t<div class=\"elementor-element elementor-element-2bfb91f e-con-full e-flex e-con e-child\" data-id=\"2bfb91f\" data-element_type=\"container\" data-settings=\"{&quot;background_background&quot;:&quot;classic&quot;}\">\n\t\t\t\t<div class=\"elementor-element elementor-element-d652a90 elementor-widget elementor-widget-text-editor\" data-id=\"d652a90\" data-element_type=\"widget\" data-widget_type=\"text-editor.default\">\n\t\t\t\t\t\t\t\t\t<p>Este tipo de revestimiento es impermeable, con funciones decorativas y muy f\u00e1cil de instalar. <br>Ofrece una buena resistencia y durabilidad. <br>Esto ser\u00e1 muy \u00fatil en piscinas que vayan a sufrir diferencias de temperatura extremas en el transcurso del a\u00f1o.<\/p>\t\t\t\t\t\t\t\t<\/div>\n\t\t\t\t<div class=\"elementor-element elementor-element-d3a6fc5 elementor-align-center elementor-widget elementor-widget-button\" data-id=\"d3a6fc5\" data-element_type=\"widget\" data-widget_type=\"button.default\">\n\t\t\t\t\t\t\t\t\t\t<a class=\"elementor-button elementor-button-link elementor-size-sm\" href=\"https:\/\/piscinesvilabertran.com\/es\/contacto\/\">\n\t\t\t\t\t\t<span class=\"elementor-button-content-wrapper\">\n\t\t\t\t\t\t\t\t\t<span class=\"elementor-button-text\">SOLICITAR INFORMACI\u00d3N<\/span>\n\t\t\t\t\t<\/span>\n\t\t\t\t\t<\/a>\n\t\t\t\t\t\t\t\t<\/div>\n\t\t\t\t<\/div>\n\t\t\t\t<\/div>\n\t\t\t\t<\/div>\n\t\t\t\t<\/div>\n\t\t\t\t\t<\/div>\n\t\t\t\t<\/div>\n\t\t<div class=\"elementor-element elementor-element-eeaf78f e-flex e-con-boxed e-con e-parent\" data-id=\"eeaf78f\" data-element_type=\"container\" data-settings=\"{&quot;background_background&quot;:&quot;classic&quot;}\">\n\t\t\t\t\t<div class=\"e-con-inner\">\n\t\t\t\t<div class=\"elementor-element elementor-element-1e5fcb8 elementor-widget__width-initial elementor-widget-tablet__width-inherit elementor-widget elementor-widget-heading\" data-id=\"1e5fcb8\" data-element_type=\"widget\" data-widget_type=\"heading.default\">\n\t\t\t\t\t<h2 class=\"elementor-heading-title elementor-size-default\">Reserva tu cita<\/h2>\t\t\t\t<\/div>\n\t\t\t\t<div class=\"elementor-element elementor-element-53a63f8 elementor-widget elementor-widget-heading\" data-id=\"53a63f8\" data-element_type=\"widget\" data-widget_type=\"heading.default\">\n\t\t\t\t\t<h2 class=\"elementor-heading-title elementor-size-default\">Resolveremos las dudas que puedas tener<\/h2>\t\t\t\t<\/div>\n\t\t\t\t<div class=\"elementor-element elementor-element-2d11bf1 elementor-align-center elementor-widget elementor-widget-button\" data-id=\"2d11bf1\" data-element_type=\"widget\" data-widget_type=\"button.default\">\n\t\t\t\t\t\t\t\t\t\t<a class=\"elementor-button elementor-button-link elementor-size-sm\" href=\"https:\/\/piscinesvilabertran.com\/es\/contacto\/\">\n\t\t\t\t\t\t<span class=\"elementor-button-content-wrapper\">\n\t\t\t\t\t\t\t\t\t<span class=\"elementor-button-text\">RESERVAR CITA<\/span>\n\t\t\t\t\t<\/span>\n\t\t\t\t\t<\/a>\n\t\t\t\t\t\t\t\t<\/div>\n\t\t\t\t\t<\/div>\n\t\t\t\t<\/div>\n\t\t\t\t<\/div>\n\t\t","protected":false},"excerpt":{"rendered":"<p>Nos adaptamos al terrenoy a la forma que desees RESERVAR CITA \u00bfEn qu\u00e9 tipo de piscina pensabas? INFINITY La caseta de filtraci\u00f3n es donde ir\u00e1 toda la maquinaria, principalmente la bomba y el filtro.Seg\u00fan la est\u00e9tica de la vivienda y del terreno que tengas, se puede montar en el jard\u00edn o tambi\u00e9n se puede soterrar [&hellip;]<\/p>\n","protected":false},"author":1,"featured_media":0,"parent":0,"menu_order":0,"comment_status":"closed","ping_status":"closed","template":"","meta":{"_seopress_robots_primary_cat":"","_seopress_titles_title":"Innovaci\u00f3n en Piscinas: Descubre los Revestimientos","_seopress_titles_desc":"Transforma tu espacio con piscinas de Infinity y modernos revestimientos. Descubre m\u00e1s sobre las opciones de escaleras e iluminaci\u00f3n LED. ","_seopress_robots_index":"","footnotes":""},"class_list":["post-1652","page","type-page","status-publish","hentry"],"_links":{"self":[{"href":"https:\/\/piscinesvilabertran.com\/es\/wp-json\/wp\/v2\/pages\/1652","targetHints":{"allow":["GET"]}}],"collection":[{"href":"https:\/\/piscinesvilabertran.com\/es\/wp-json\/wp\/v2\/pages"}],"about":[{"href":"https:\/\/piscinesvilabertran.com\/es\/wp-json\/wp\/v2\/types\/page"}],"author":[{"embeddable":true,"href":"https:\/\/piscinesvilabertran.com\/es\/wp-json\/wp\/v2\/users\/1"}],"replies":[{"embeddable":true,"href":"https:\/\/piscinesvilabertran.com\/es\/wp-json\/wp\/v2\/comments?post=1652"}],"version-history":[{"count":4,"href":"https:\/\/piscinesvilabertran.com\/es\/wp-json\/wp\/v2\/pages\/1652\/revisions"}],"predecessor-version":[{"id":2079,"href":"https:\/\/piscinesvilabertran.com\/es\/wp-json\/wp\/v2\/pages\/1652\/revisions\/2079"}],"wp:attachment":[{"href":"https:\/\/piscinesvilabertran.com\/es\/wp-json\/wp\/v2\/media?parent=1652"}],"curies":[{"name":"wp","href":"https:\/\/api.w.org\/{rel}","templated":true}]}}