{"id":1696,"date":"2024-12-19T06:22:19","date_gmt":"2024-12-19T06:22:19","guid":{"rendered":"https:\/\/piscinesvilabertran.com\/piscinas\/"},"modified":"2025-08-16T22:58:39","modified_gmt":"2025-08-16T20:58:39","slug":"piscinas","status":"publish","type":"page","link":"https:\/\/piscinesvilabertran.com\/es\/piscinas\/","title":{"rendered":"Piscinas"},"content":{"rendered":"\t\t<div data-elementor-type=\"wp-page\" data-elementor-id=\"1696\" class=\"elementor elementor-1696 elementor-49\" data-elementor-post-type=\"page\">\n\t\t\t\t<div class=\"elementor-element elementor-element-2009dd2 e-flex e-con-boxed e-con e-parent\" data-id=\"2009dd2\" data-element_type=\"container\" data-settings=\"{&quot;background_background&quot;:&quot;classic&quot;}\">\n\t\t\t\t\t<div class=\"e-con-inner\">\n\t\t\t\t<div class=\"elementor-element elementor-element-7ea9392 elementor-widget__width-initial elementor-widget-tablet__width-inherit elementor-widget elementor-widget-heading\" data-id=\"7ea9392\" data-element_type=\"widget\" data-widget_type=\"heading.default\">\n\t\t\t\t\t<h2 class=\"elementor-heading-title elementor-size-default\">Si hay un deseo dom\u00e9stico <br>universal, ese es tener una piscina<\/h2>\t\t\t\t<\/div>\n\t\t\t\t<div class=\"elementor-element elementor-element-7e302ad elementor-mobile-align-left elementor-widget elementor-widget-button\" data-id=\"7e302ad\" data-element_type=\"widget\" data-widget_type=\"button.default\">\n\t\t\t\t\t\t\t\t\t\t<a class=\"elementor-button elementor-button-link elementor-size-sm\" href=\"#\">\n\t\t\t\t\t\t<span class=\"elementor-button-content-wrapper\">\n\t\t\t\t\t\t\t\t\t<span class=\"elementor-button-text\">ESCR\u00cdBENOS<\/span>\n\t\t\t\t\t<\/span>\n\t\t\t\t\t<\/a>\n\t\t\t\t\t\t\t\t<\/div>\n\t\t\t\t\t<\/div>\n\t\t\t\t<\/div>\n\t\t<div class=\"elementor-element elementor-element-2e582a2 e-flex e-con-boxed e-con e-parent\" data-id=\"2e582a2\" data-element_type=\"container\" data-settings=\"{&quot;background_background&quot;:&quot;gradient&quot;}\">\n\t\t\t\t\t<div class=\"e-con-inner\">\n\t\t<div class=\"elementor-element elementor-element-7189608 e-flex e-con-boxed e-con e-child\" data-id=\"7189608\" data-element_type=\"container\" data-settings=\"{&quot;background_background&quot;:&quot;classic&quot;}\">\n\t\t\t\t\t<div class=\"e-con-inner\">\n\t\t<div class=\"elementor-element elementor-element-ba0627b e-con-full e-flex e-con e-child\" data-id=\"ba0627b\" data-element_type=\"container\">\n\t\t<div class=\"elementor-element elementor-element-f47a604 e-con-full e-flex e-con e-child\" data-id=\"f47a604\" data-element_type=\"container\">\n\t\t\t\t<div class=\"elementor-element elementor-element-dded754 elementor-widget elementor-widget-heading\" data-id=\"dded754\" data-element_type=\"widget\" data-widget_type=\"heading.default\">\n\t\t\t\t\t<h2 class=\"elementor-heading-title elementor-size-default\">Una piscina es un oasis personal<\/h2>\t\t\t\t<\/div>\n\t\t\t\t<div class=\"elementor-element elementor-element-00cd13b elementor-widget-divider--view-line elementor-widget elementor-widget-divider\" data-id=\"00cd13b\" data-element_type=\"widget\" data-widget_type=\"divider.default\">\n\t\t\t\t\t\t\t<div class=\"elementor-divider\">\n\t\t\t<span class=\"elementor-divider-separator\">\n\t\t\t\t\t\t<\/span>\n\t\t<\/div>\n\t\t\t\t\t\t<\/div>\n\t\t\t\t<\/div>\n\t\t\t\t<div class=\"elementor-element elementor-element-1b802d5 elementor-widget__width-initial elementor-widget-tablet__width-inherit elementor-widget elementor-widget-text-editor\" data-id=\"1b802d5\" data-element_type=\"widget\" data-widget_type=\"text-editor.default\">\n\t\t\t\t\t\t\t\t\t<div>Todos hemos so\u00f1ado con ba\u00f1arnos en el jard\u00edn y el periodo de confinamiento solo ha incrementado esta necesidad.<\/div><p>Tener una piscina te permite disfrutar m\u00e1s del verano y pasar menos calor. <\/p><p>Pero no te resignes a disfrutarla unos pocos d\u00edas al a\u00f1o cuando puedes tenerla cada d\u00eda. Las piscinas de \u201cinterior son una opci\u00f3n m\u00e1s para disfrutar del descanso durante todo el\u201d a\u00f1o.<\/p>\t\t\t\t\t\t\t\t<\/div>\n\t\t\t\t<div class=\"elementor-element elementor-element-7aea694 elementor-mobile-align-center elementor-widget elementor-widget-button\" data-id=\"7aea694\" data-element_type=\"widget\" data-widget_type=\"button.default\">\n\t\t\t\t\t\t\t\t\t\t<a class=\"elementor-button elementor-button-link elementor-size-sm\" href=\"#\">\n\t\t\t\t\t\t<span class=\"elementor-button-content-wrapper\">\n\t\t\t\t\t\t\t\t\t<span class=\"elementor-button-text\">VER TIPOS DE PISCINAS<\/span>\n\t\t\t\t\t<\/span>\n\t\t\t\t\t<\/a>\n\t\t\t\t\t\t\t\t<\/div>\n\t\t\t\t<\/div>\n\t\t<div class=\"elementor-element elementor-element-005b398 e-con-full e-flex e-con e-child\" data-id=\"005b398\" data-element_type=\"container\">\n\t\t\t\t<div class=\"elementor-element elementor-element-7e6b9fb elementor-widget elementor-widget-image\" data-id=\"7e6b9fb\" data-element_type=\"widget\" data-widget_type=\"image.default\">\n\t\t\t\t\t\t\t\t\t\t\t\t\t\t\t<img alt=\"\" fetchpriority=\"high\" decoding=\"async\" width=\"802\" height=\"491\" src=\"https:\/\/piscinesvilabertran.com\/wp-content\/uploads\/2024\/12\/summertime-swimming-pool-fun-2023-11-27-05-05-22-utc-1.png\" class=\"attachment-full size-full wp-image-1533\" alt=\"\" srcset=\"https:\/\/piscinesvilabertran.com\/wp-content\/uploads\/2024\/12\/summertime-swimming-pool-fun-2023-11-27-05-05-22-utc-1.png 802w, https:\/\/piscinesvilabertran.com\/wp-content\/uploads\/2024\/12\/summertime-swimming-pool-fun-2023-11-27-05-05-22-utc-1-300x184.png 300w, https:\/\/piscinesvilabertran.com\/wp-content\/uploads\/2024\/12\/summertime-swimming-pool-fun-2023-11-27-05-05-22-utc-1-768x470.png 768w\" sizes=\"(max-width: 802px) 100vw, 802px\" \/>\t\t\t\t\t\t\t\t\t\t\t\t\t\t\t<\/div>\n\t\t\t\t<\/div>\n\t\t\t\t\t<\/div>\n\t\t\t\t<\/div>\n\t\t\t\t\t<\/div>\n\t\t\t\t<\/div>\n\t\t<div class=\"elementor-element elementor-element-7a91dee e-flex e-con-boxed e-con e-parent\" data-id=\"7a91dee\" data-element_type=\"container\" data-settings=\"{&quot;background_background&quot;:&quot;classic&quot;}\">\n\t\t\t\t\t<div class=\"e-con-inner\">\n\t\t<div class=\"elementor-element elementor-element-8e0c454 e-grid e-con-full e-con e-child\" data-id=\"8e0c454\" data-element_type=\"container\">\n\t\t<div class=\"elementor-element elementor-element-a469ffe e-con-full e-flex e-con e-child\" data-id=\"a469ffe\" data-element_type=\"container\">\n\t\t<div class=\"elementor-element elementor-element-9873057 e-con-full e-flex e-con e-child\" data-id=\"9873057\" data-element_type=\"container\" data-settings=\"{&quot;background_background&quot;:&quot;classic&quot;}\">\n\t\t\t\t<div class=\"elementor-element elementor-element-ba41269 elementor-widget elementor-widget-button\" data-id=\"ba41269\" data-element_type=\"widget\" data-widget_type=\"button.default\">\n\t\t\t\t\t\t\t\t\t\t<a class=\"elementor-button elementor-button-link elementor-size-sm\" href=\"#\">\n\t\t\t\t\t\t<span class=\"elementor-button-content-wrapper\">\n\t\t\t\t\t\t\t\t\t<span class=\"elementor-button-text\">LOCAL T\u00c9CNICO DE LA PISCINA<\/span>\n\t\t\t\t\t<\/span>\n\t\t\t\t\t<\/a>\n\t\t\t\t\t\t\t\t<\/div>\n\t\t\t\t<\/div>\n\t\t<div class=\"elementor-element elementor-element-3f33824 e-con-full e-flex e-con e-child\" data-id=\"3f33824\" data-element_type=\"container\" data-settings=\"{&quot;background_background&quot;:&quot;classic&quot;}\">\n\t\t\t\t<div class=\"elementor-element elementor-element-4f2a405 elementor-widget elementor-widget-text-editor\" data-id=\"4f2a405\" data-element_type=\"widget\" data-widget_type=\"text-editor.default\">\n\t\t\t\t\t\t\t\t\t<p>La caseta de filtraci\u00f3n es donde ir\u00e1 toda la maquinaria, principalmente la bomba y el filtro.<br>Seg\u00fan la est\u00e9tica de la vivienda y del terreno que tengas, se puede montar en el jard\u00edn o tambi\u00e9n se puede soterrar para que no se vea.<br>El punto donde se ubica esta sala de m\u00e1quinas debe tener conexi\u00f3n de agua, luz y desag\u00fces.<\/p>\t\t\t\t\t\t\t\t<\/div>\n\t\t\t\t<\/div>\n\t\t\t\t<\/div>\n\t\t<div class=\"elementor-element elementor-element-62fd311 e-con-full e-flex e-con e-child\" data-id=\"62fd311\" data-element_type=\"container\">\n\t\t<div class=\"elementor-element elementor-element-70acbcd e-con-full e-flex e-con e-child\" data-id=\"70acbcd\" data-element_type=\"container\" data-settings=\"{&quot;background_background&quot;:&quot;classic&quot;}\">\n\t\t\t\t<div class=\"elementor-element elementor-element-88349f3 elementor-widget elementor-widget-button\" data-id=\"88349f3\" data-element_type=\"widget\" data-widget_type=\"button.default\">\n\t\t\t\t\t\t\t\t\t\t<a class=\"elementor-button elementor-button-link elementor-size-sm\" href=\"#\">\n\t\t\t\t\t\t<span class=\"elementor-button-content-wrapper\">\n\t\t\t\t\t\t\t\t\t<span class=\"elementor-button-text\">ESCALERAS EN UNA PISCINA<\/span>\n\t\t\t\t\t<\/span>\n\t\t\t\t\t<\/a>\n\t\t\t\t\t\t\t\t<\/div>\n\t\t\t\t<\/div>\n\t\t<div class=\"elementor-element elementor-element-0413adf e-con-full e-flex e-con e-child\" data-id=\"0413adf\" data-element_type=\"container\" data-settings=\"{&quot;background_background&quot;:&quot;classic&quot;}\">\n\t\t\t\t<div class=\"elementor-element elementor-element-0ea55f0 elementor-widget elementor-widget-text-editor\" data-id=\"0ea55f0\" data-element_type=\"widget\" data-widget_type=\"text-editor.default\">\n\t\t\t\t\t\t\t\t\t<p>Dentro del vaso impermeable se realiza una escalera de \u201cobra con la forma que se desee.<br>Actualmente est\u00e1 muy de moda poner una peque\u00f1a playa o un banco para sentarse, aunque tambi\u00e9n se siguen poniendo escaleras de\u201d acero inoxidable que ocupan menos espacio pero son m\u00e1s dif\u00edciles a la \u201chora de subir para salir del\u201d agua.<\/p>\t\t\t\t\t\t\t\t<\/div>\n\t\t\t\t<\/div>\n\t\t\t\t<\/div>\n\t\t<div class=\"elementor-element elementor-element-c07b42f e-con-full e-flex e-con e-child\" data-id=\"c07b42f\" data-element_type=\"container\">\n\t\t<div class=\"elementor-element elementor-element-7e2635d e-con-full e-flex e-con e-child\" data-id=\"7e2635d\" data-element_type=\"container\" data-settings=\"{&quot;background_background&quot;:&quot;classic&quot;}\">\n\t\t\t\t<div class=\"elementor-element elementor-element-cf8e8ce elementor-widget elementor-widget-button\" data-id=\"cf8e8ce\" data-element_type=\"widget\" data-widget_type=\"button.default\">\n\t\t\t\t\t\t\t\t\t\t<a class=\"elementor-button elementor-button-link elementor-size-sm\" href=\"#\">\n\t\t\t\t\t\t<span class=\"elementor-button-content-wrapper\">\n\t\t\t\t\t\t\t\t\t<span class=\"elementor-button-text\">COLORES DEL GRESITE<\/span>\n\t\t\t\t\t<\/span>\n\t\t\t\t\t<\/a>\n\t\t\t\t\t\t\t\t<\/div>\n\t\t\t\t<\/div>\n\t\t<div class=\"elementor-element elementor-element-ddbb20d e-con-full e-flex e-con e-child\" data-id=\"ddbb20d\" data-element_type=\"container\" data-settings=\"{&quot;background_background&quot;:&quot;classic&quot;}\">\n\t\t\t\t<div class=\"elementor-element elementor-element-ac9c217 elementor-widget elementor-widget-text-editor\" data-id=\"ac9c217\" data-element_type=\"widget\" data-widget_type=\"text-editor.default\">\n\t\t\t\t\t\t\t\t\t<p>Se pueden escoger diferentes colores del gresite interior de la piscina.<br>Las posibilidades son muy amplias.<br>Desde el t\u00edpico color azul con rejuntado blanco hasta colores mucho m\u00e1s modernos. A d\u00eda de hoy se utilizan m\u00e1s los tonos fr\u00edos como el gris y el blanco, para que combinen mejor con la est\u00e9tica de las casas modernas. <br>Pero la \u00faltima palabra la tiene el cliente. <br>\u00a1Para gustos, colores!<\/p>\t\t\t\t\t\t\t\t<\/div>\n\t\t\t\t<\/div>\n\t\t\t\t<\/div>\n\t\t<div class=\"elementor-element elementor-element-51da027 e-con-full e-flex e-con e-child\" data-id=\"51da027\" data-element_type=\"container\">\n\t\t<div class=\"elementor-element elementor-element-2a61aa3 e-con-full e-flex e-con e-child\" data-id=\"2a61aa3\" data-element_type=\"container\" data-settings=\"{&quot;background_background&quot;:&quot;classic&quot;}\">\n\t\t\t\t<div class=\"elementor-element elementor-element-8ab51de elementor-widget elementor-widget-button\" data-id=\"8ab51de\" data-element_type=\"widget\" data-widget_type=\"button.default\">\n\t\t\t\t\t\t\t\t\t\t<a class=\"elementor-button elementor-button-link elementor-size-sm\" href=\"#\">\n\t\t\t\t\t\t<span class=\"elementor-button-content-wrapper\">\n\t\t\t\t\t\t\t\t\t<span class=\"elementor-button-text\">LUCES DE LAS PISCINAS<\/span>\n\t\t\t\t\t<\/span>\n\t\t\t\t\t<\/a>\n\t\t\t\t\t\t\t\t<\/div>\n\t\t\t\t<\/div>\n\t\t<div class=\"elementor-element elementor-element-0a1c775 e-con-full e-flex e-con e-child\" data-id=\"0a1c775\" data-element_type=\"container\" data-settings=\"{&quot;background_background&quot;:&quot;classic&quot;}\">\n\t\t\t\t<div class=\"elementor-element elementor-element-ea2d44d elementor-widget elementor-widget-text-editor\" data-id=\"ea2d44d\" data-element_type=\"widget\" data-widget_type=\"text-editor.default\">\n\t\t\t\t\t\t\t\t\t<p>Las luces para el interior de la piscina, actualmente son luces LED de color blanco. L \u201ca ventaja respecto a las luces hal\u00f3genas es que consumen menos energ\u00eda.<br>Tambi\u00e9n se pueden instalar luces LED de colores, con su mando a distancia.<br>L\u201d a ambientaci\u00f3n del jard\u00edn puede cambiar seg\u00fan los colores que te apetezcan esa noche.<\/p>\t\t\t\t\t\t\t\t<\/div>\n\t\t\t\t<\/div>\n\t\t\t\t<\/div>\n\t\t\t\t<\/div>\n\t\t\t\t\t<\/div>\n\t\t\t\t<\/div>\n\t\t<div class=\"elementor-element elementor-element-5c4ecec e-flex e-con-boxed e-con e-parent\" data-id=\"5c4ecec\" data-element_type=\"container\" data-settings=\"{&quot;background_background&quot;:&quot;classic&quot;}\">\n\t\t\t\t\t<div class=\"e-con-inner\">\n\t\t\t\t<div class=\"elementor-element elementor-element-49d4dbb elementor-widget__width-initial elementor-widget-tablet__width-inherit elementor-widget elementor-widget-heading\" data-id=\"49d4dbb\" data-element_type=\"widget\" data-widget_type=\"heading.default\">\n\t\t\t\t\t<h2 class=\"elementor-heading-title elementor-size-default\">Reserva tu cita<\/h2>\t\t\t\t<\/div>\n\t\t\t\t<div class=\"elementor-element elementor-element-07ded1c elementor-widget elementor-widget-heading\" data-id=\"07ded1c\" data-element_type=\"widget\" data-widget_type=\"heading.default\">\n\t\t\t\t\t<h2 class=\"elementor-heading-title elementor-size-default\">Resolveremos las dudas que puedas tener<\/h2>\t\t\t\t<\/div>\n\t\t\t\t<div class=\"elementor-element elementor-element-ee5a497 elementor-align-center elementor-widget elementor-widget-button\" data-id=\"ee5a497\" data-element_type=\"widget\" data-widget_type=\"button.default\">\n\t\t\t\t\t\t\t\t\t\t<a class=\"elementor-button elementor-button-link elementor-size-sm\" href=\"#\">\n\t\t\t\t\t\t<span class=\"elementor-button-content-wrapper\">\n\t\t\t\t\t\t\t\t\t<span class=\"elementor-button-text\">RESERVAR CITA<\/span>\n\t\t\t\t\t<\/span>\n\t\t\t\t\t<\/a>\n\t\t\t\t\t\t\t\t<\/div>\n\t\t\t\t\t<\/div>\n\t\t\t\t<\/div>\n\t\t\t\t<\/div>\n\t\t","protected":false},"excerpt":{"rendered":"<p>Si hay un deseo dom\u00e9stico universal, ese es tener una piscina ESCR\u00cdBENOS Una piscina es un oasis personal Todos hemos so\u00f1ado con ba\u00f1arnos en el jard\u00edn y el periodo de confinamiento solo ha incrementado esta necesidad. Tener una piscina te permite disfrutar m\u00e1s del verano y pasar menos calor. Pero no te resignes a disfrutarla [&hellip;]<\/p>\n","protected":false},"author":1,"featured_media":0,"parent":0,"menu_order":0,"comment_status":"closed","ping_status":"closed","template":"","meta":{"_seopress_robots_primary_cat":"","_seopress_titles_title":"Disfruta de la piscina: tu oasis personal todo el a\u00f1o<br> <br>","_seopress_titles_desc":"Transforma tu jard\u00edn con una piscina interior y disfruta del verano todos los d\u00edas. Descubre opciones modernas y personalizadas para su espacio.","_seopress_robots_index":"","footnotes":""},"class_list":["post-1696","page","type-page","status-publish","hentry"],"_links":{"self":[{"href":"https:\/\/piscinesvilabertran.com\/es\/wp-json\/wp\/v2\/pages\/1696","targetHints":{"allow":["GET"]}}],"collection":[{"href":"https:\/\/piscinesvilabertran.com\/es\/wp-json\/wp\/v2\/pages"}],"about":[{"href":"https:\/\/piscinesvilabertran.com\/es\/wp-json\/wp\/v2\/types\/page"}],"author":[{"embeddable":true,"href":"https:\/\/piscinesvilabertran.com\/es\/wp-json\/wp\/v2\/users\/1"}],"replies":[{"embeddable":true,"href":"https:\/\/piscinesvilabertran.com\/es\/wp-json\/wp\/v2\/comments?post=1696"}],"version-history":[{"count":2,"href":"https:\/\/piscinesvilabertran.com\/es\/wp-json\/wp\/v2\/pages\/1696\/revisions"}],"predecessor-version":[{"id":2071,"href":"https:\/\/piscinesvilabertran.com\/es\/wp-json\/wp\/v2\/pages\/1696\/revisions\/2071"}],"wp:attachment":[{"href":"https:\/\/piscinesvilabertran.com\/es\/wp-json\/wp\/v2\/media?parent=1696"}],"curies":[{"name":"wp","href":"https:\/\/api.w.org\/{rel}","templated":true}]}}