{"id":1666,"date":"2024-12-19T14:07:39","date_gmt":"2024-12-19T13:07:39","guid":{"rendered":"https:\/\/piscinesvilabertran.com\/blog\/"},"modified":"2025-09-04T17:39:41","modified_gmt":"2025-09-04T15:39:41","slug":"blog","status":"publish","type":"page","link":"https:\/\/piscinesvilabertran.com\/fr\/blog\/","title":{"rendered":"BLOG"},"content":{"rendered":"\t\t<div data-elementor-type=\"wp-page\" data-elementor-id=\"1666\" class=\"elementor elementor-1666 elementor-525\" data-elementor-post-type=\"page\">\n\t\t\t\t<div class=\"elementor-element elementor-element-954a559 e-con-full e-flex e-con e-parent\" data-id=\"954a559\" data-element_type=\"container\" data-settings=\"{&quot;background_background&quot;:&quot;classic&quot;}\">\n\t\t\t\t<div class=\"elementor-element elementor-element-33f3dbe elementor-widget elementor-widget-heading\" data-id=\"33f3dbe\" data-element_type=\"widget\" data-widget_type=\"heading.default\">\n\t\t\t\t\t<h2 class=\"elementor-heading-title elementor-size-default\">Blog de piscines<\/h2>\t\t\t\t<\/div>\n\t\t\t\t<div class=\"elementor-element elementor-element-8a73875 elementor-widget elementor-widget-heading\" data-id=\"8a73875\" data-element_type=\"widget\" data-widget_type=\"heading.default\">\n\t\t\t\t\t<h2 class=\"elementor-heading-title elementor-size-default\">Conseils, id\u00e9es et actualit\u00e9s pour profiter et entretenir votre piscine toute l'ann\u00e9e.<\/h2>\t\t\t\t<\/div>\n\t\t\t\t<\/div>\n\t\t<div class=\"elementor-element elementor-element-b4a8329 e-flex e-con-boxed e-con e-parent\" data-id=\"b4a8329\" data-element_type=\"container\">\n\t\t\t\t\t<div class=\"e-con-inner\">\n\t\t\t\t<div class=\"elementor-element elementor-element-9115bc4 elementor-grid-3 elementor-grid-tablet-2 elementor-grid-mobile-1 elementor-widget elementor-widget-loop-grid\" data-id=\"9115bc4\" data-element_type=\"widget\" data-settings=\"{&quot;template_id&quot;:1678,&quot;_skin&quot;:&quot;post&quot;,&quot;columns&quot;:&quot;3&quot;,&quot;columns_tablet&quot;:&quot;2&quot;,&quot;columns_mobile&quot;:&quot;1&quot;,&quot;edit_handle_selector&quot;:&quot;[data-elementor-type=\\&quot;loop-item\\&quot;]&quot;,&quot;row_gap&quot;:{&quot;unit&quot;:&quot;px&quot;,&quot;size&quot;:&quot;&quot;,&quot;sizes&quot;:[]},&quot;row_gap_tablet&quot;:{&quot;unit&quot;:&quot;px&quot;,&quot;size&quot;:&quot;&quot;,&quot;sizes&quot;:[]},&quot;row_gap_mobile&quot;:{&quot;unit&quot;:&quot;px&quot;,&quot;size&quot;:&quot;&quot;,&quot;sizes&quot;:[]}}\" data-widget_type=\"loop-grid.post\">\n\t\t\t\t<div class=\"elementor-widget-container\">\n\t\t\t\t\t\t\t<div class=\"elementor-loop-container elementor-grid\" role=\"list\">\n\t\t<style id=\"loop-1678\">.elementor-1678 .elementor-element.elementor-element-399ea08{--display:flex;--flex-direction:column;--container-widget-width:100%;--container-widget-height:initial;--container-widget-flex-grow:0;--container-widget-align-self:initial;--flex-wrap-mobile:wrap;--gap:15px 0px;--row-gap:15px;--column-gap:0px;--margin-top:0px;--margin-bottom:0px;--margin-left:0px;--margin-right:0px;--padding-top:0px;--padding-bottom:0px;--padding-left:0px;--padding-right:0px;}.elementor-widget-theme-post-featured-image .widget-image-caption{color:var( --e-global-color-text );font-family:var( --e-global-typography-text-font-family ), Sans-serif;font-weight:var( --e-global-typography-text-font-weight );}.elementor-1678 .elementor-element.elementor-element-b9bfa19{text-align:center;}.elementor-1678 .elementor-element.elementor-element-b9bfa19 img{width:100%;filter:brightness( 100% ) contrast( 100% ) saturate( 132% ) blur( 0px ) hue-rotate( 0deg );}.elementor-1678 .elementor-element.elementor-element-0cfbe74{--display:flex;--gap:15px 0px;--row-gap:15px;--column-gap:0px;--margin-top:0px;--margin-bottom:0px;--margin-left:0px;--margin-right:0px;--padding-top:0px;--padding-bottom:0px;--padding-left:5px;--padding-right:5px;}.elementor-widget-theme-post-title .elementor-heading-title{font-family:var( --e-global-typography-primary-font-family ), Sans-serif;font-weight:var( --e-global-typography-primary-font-weight );color:var( --e-global-color-primary );}.elementor-1678 .elementor-element.elementor-element-6f9dcdd .elementor-heading-title{font-family:\"Manjari\", Sans-serif;font-size:25px;font-weight:700;line-height:1.2;color:#000000;}.elementor-widget-theme-post-excerpt{font-family:var( --e-global-typography-text-font-family ), Sans-serif;font-weight:var( --e-global-typography-text-font-weight );color:var( --e-global-color-text );}.elementor-1678 .elementor-element.elementor-element-45e35f7{margin:-10px 0px calc(var(--kit-widget-spacing, 0px) + 0px) 0px;font-family:\"Manjari\", Sans-serif;font-weight:400;color:var( --e-global-color-secondary );}.elementor-widget-button .elementor-button{background-color:var( --e-global-color-accent );font-family:var( --e-global-typography-accent-font-family ), Sans-serif;font-weight:var( --e-global-typography-accent-font-weight );}.elementor-1678 .elementor-element.elementor-element-2820278 .elementor-button{background-color:var( --e-global-color-a53b447 );font-family:\"Manjari\", Sans-serif;font-size:20px;font-weight:700;text-transform:uppercase;line-height:1.4;fill:var( --e-global-color-3d352d0 );color:var( --e-global-color-3d352d0 );border-radius:25px 25px 25px 25px;padding:5px 25px 0px 25px;}.elementor-1678 .elementor-element.elementor-element-2820278{margin:0px 0px calc(var(--kit-widget-spacing, 0px) + 0px) 0px;padding:0px 0px 0px 0px;}@media(max-width:767px){.elementor-1678 .elementor-element.elementor-element-399ea08{--gap:10px 0px;--row-gap:10px;--column-gap:0px;--margin-top:0px;--margin-bottom:0px;--margin-left:0px;--margin-right:0px;--padding-top:0px;--padding-bottom:0px;--padding-left:10px;--padding-right:10px;}.elementor-1678 .elementor-element.elementor-element-6f9dcdd .elementor-heading-title{font-size:20px;}.elementor-1678 .elementor-element.elementor-element-45e35f7{margin:-10px 0px calc(var(--kit-widget-spacing, 0px) + 0px) 0px;padding:0px 0px 0px 0px;}.elementor-1678 .elementor-element.elementor-element-2820278{margin:0px 0px calc(var(--kit-widget-spacing, 0px) + 0px) 0px;padding:0px 0px 0px 0px;}.elementor-1678 .elementor-element.elementor-element-2820278 .elementor-button{font-size:16px;}}<\/style>\t\t<div data-elementor-type=\"loop-item\" data-elementor-id=\"1678\" class=\"elementor elementor-1678 elementor-1247 e-loop-item e-loop-item-1751 post-1751 post type-post status-publish format-standard has-post-thumbnail hentry category-piscines\" data-elementor-post-type=\"elementor_library\" data-custom-edit-handle=\"1\">\n\t\t\t<div class=\"elementor-element elementor-element-399ea08 e-flex e-con-boxed e-con e-parent\" data-id=\"399ea08\" data-element_type=\"container\">\n\t\t\t\t\t<div class=\"e-con-inner\">\n\t\t\t\t<div class=\"elementor-element elementor-element-b9bfa19 elementor-widget elementor-widget-theme-post-featured-image elementor-widget-image\" data-id=\"b9bfa19\" data-element_type=\"widget\" data-widget_type=\"theme-post-featured-image.default\">\n\t\t\t\t\t\t\t\t\t\t\t\t\t\t\t\t<a href=\"https:\/\/piscinesvilabertran.com\/fr\/pourquoi-un-robot-est-il-important-pour-lentretien-des-piscines-2\/\">\n\t\t\t\t\t\t\t<img alt=\"\" fetchpriority=\"high\" decoding=\"async\" width=\"800\" height=\"532\" src=\"https:\/\/piscinesvilabertran.com\/wp-content\/uploads\/2020\/12\/Pvilabertrandesbordant1-1-scaled-1-1024x681.jpg\" class=\"attachment-large size-large wp-image-1986\" alt=\"\" srcset=\"https:\/\/piscinesvilabertran.com\/wp-content\/uploads\/2020\/12\/Pvilabertrandesbordant1-1-scaled-1-1024x681.jpg 1024w, https:\/\/piscinesvilabertran.com\/wp-content\/uploads\/2020\/12\/Pvilabertrandesbordant1-1-scaled-1-300x199.jpg 300w, https:\/\/piscinesvilabertran.com\/wp-content\/uploads\/2020\/12\/Pvilabertrandesbordant1-1-scaled-1-768x511.jpg 768w, https:\/\/piscinesvilabertran.com\/wp-content\/uploads\/2020\/12\/Pvilabertrandesbordant1-1-scaled-1-1536x1021.jpg 1536w, https:\/\/piscinesvilabertran.com\/wp-content\/uploads\/2020\/12\/Pvilabertrandesbordant1-1-scaled-1-2048x1362.jpg 2048w\" sizes=\"(max-width: 800px) 100vw, 800px\" \/>\t\t\t\t\t\t\t\t<\/a>\n\t\t\t\t\t\t\t\t\t\t\t\t\t\t\t<\/div>\n\t\t<div class=\"elementor-element elementor-element-0cfbe74 e-con-full e-flex e-con e-child\" data-id=\"0cfbe74\" data-element_type=\"container\">\n\t\t\t\t<div class=\"elementor-element elementor-element-6f9dcdd elementor-widget elementor-widget-theme-post-title elementor-page-title elementor-widget-heading\" data-id=\"6f9dcdd\" data-element_type=\"widget\" data-widget_type=\"theme-post-title.default\">\n\t\t\t\t\t<h1 class=\"elementor-heading-title elementor-size-default\"><a href=\"https:\/\/piscinesvilabertran.com\/fr\/pourquoi-un-robot-est-il-important-pour-lentretien-des-piscines-2\/\">Pourquoi un robot est-il important pour l&rsquo;entretien des piscines ?<\/a><\/h1>\t\t\t\t<\/div>\n\t\t\t\t<div class=\"elementor-element elementor-element-45e35f7 elementor-widget elementor-widget-theme-post-excerpt\" data-id=\"45e35f7\" data-element_type=\"widget\" data-widget_type=\"theme-post-excerpt.default\">\n\t\t\t\t\tChoisir un bon nettoyeur de fond est essentiel pour maintenir votre piscine propre. Et les robots sont les meilleurs. Vous voulez savoir pourquoi ?\t\t\t\t<\/div>\n\t\t\t\t<div class=\"elementor-element elementor-element-2820278 elementor-align-left elementor-widget elementor-widget-button\" data-id=\"2820278\" data-element_type=\"widget\" data-widget_type=\"button.default\">\n\t\t\t\t\t\t\t\t\t\t<a class=\"elementor-button elementor-button-link elementor-size-sm\" href=\"https:\/\/piscinesvilabertran.com\/fr\/pourquoi-un-robot-est-il-important-pour-lentretien-des-piscines-2\/\">\n\t\t\t\t\t\t<span class=\"elementor-button-content-wrapper\">\n\t\t\t\t\t\t\t\t\t<span class=\"elementor-button-text\">lire l'article<\/span>\n\t\t\t\t\t<\/span>\n\t\t\t\t\t<\/a>\n\t\t\t\t\t\t\t\t<\/div>\n\t\t\t\t<\/div>\n\t\t\t\t\t<\/div>\n\t\t\t\t<\/div>\n\t\t\t\t<\/div>\n\t\t\t\t<div data-elementor-type=\"loop-item\" data-elementor-id=\"1678\" class=\"elementor elementor-1678 elementor-1247 e-loop-item e-loop-item-1753 post-1753 post type-post status-publish format-standard has-post-thumbnail hentry category-sans-categorie\" data-elementor-post-type=\"elementor_library\" data-custom-edit-handle=\"1\">\n\t\t\t<div class=\"elementor-element elementor-element-399ea08 e-flex e-con-boxed e-con e-parent\" data-id=\"399ea08\" data-element_type=\"container\">\n\t\t\t\t\t<div class=\"e-con-inner\">\n\t\t\t\t<div class=\"elementor-element elementor-element-b9bfa19 elementor-widget elementor-widget-theme-post-featured-image elementor-widget-image\" data-id=\"b9bfa19\" data-element_type=\"widget\" data-widget_type=\"theme-post-featured-image.default\">\n\t\t\t\t\t\t\t\t\t\t\t\t\t\t\t\t<a href=\"https:\/\/piscinesvilabertran.com\/fr\/comment-entretenir-sa-piscine-en-bon-etat-pendant-l-hiver\/\">\n\t\t\t\t\t\t\t<img alt=\"\" decoding=\"async\" width=\"800\" height=\"532\" src=\"https:\/\/piscinesvilabertran.com\/wp-content\/uploads\/2020\/12\/Pvilabertran1-scaled-1-1024x681.jpg\" class=\"attachment-large size-large wp-image-1989\" alt=\"\" srcset=\"https:\/\/piscinesvilabertran.com\/wp-content\/uploads\/2020\/12\/Pvilabertran1-scaled-1-1024x681.jpg 1024w, https:\/\/piscinesvilabertran.com\/wp-content\/uploads\/2020\/12\/Pvilabertran1-scaled-1-300x199.jpg 300w, https:\/\/piscinesvilabertran.com\/wp-content\/uploads\/2020\/12\/Pvilabertran1-scaled-1-768x511.jpg 768w, https:\/\/piscinesvilabertran.com\/wp-content\/uploads\/2020\/12\/Pvilabertran1-scaled-1-1536x1021.jpg 1536w, https:\/\/piscinesvilabertran.com\/wp-content\/uploads\/2020\/12\/Pvilabertran1-scaled-1-2048x1362.jpg 2048w\" sizes=\"(max-width: 800px) 100vw, 800px\" \/>\t\t\t\t\t\t\t\t<\/a>\n\t\t\t\t\t\t\t\t\t\t\t\t\t\t\t<\/div>\n\t\t<div class=\"elementor-element elementor-element-0cfbe74 e-con-full e-flex e-con e-child\" data-id=\"0cfbe74\" data-element_type=\"container\">\n\t\t\t\t<div class=\"elementor-element elementor-element-6f9dcdd elementor-widget elementor-widget-theme-post-title elementor-page-title elementor-widget-heading\" data-id=\"6f9dcdd\" data-element_type=\"widget\" data-widget_type=\"theme-post-title.default\">\n\t\t\t\t\t<h1 class=\"elementor-heading-title elementor-size-default\"><a href=\"https:\/\/piscinesvilabertran.com\/fr\/comment-entretenir-sa-piscine-en-bon-etat-pendant-l-hiver\/\">Comment entretenir sa piscine en bon \u00e9tat pendant la \u00ab p\u00e9riode d&rsquo; \u00bb hiver<\/a><\/h1>\t\t\t\t<\/div>\n\t\t\t\t<div class=\"elementor-element elementor-element-45e35f7 elementor-widget elementor-widget-theme-post-excerpt\" data-id=\"45e35f7\" data-element_type=\"widget\" data-widget_type=\"theme-post-excerpt.default\">\n\t\t\t\t\tLes \u00e9tapes \u00e0 suivre pour entretenir votre piscine en hiver.\t\t\t\t<\/div>\n\t\t\t\t<div class=\"elementor-element elementor-element-2820278 elementor-align-left elementor-widget elementor-widget-button\" data-id=\"2820278\" data-element_type=\"widget\" data-widget_type=\"button.default\">\n\t\t\t\t\t\t\t\t\t\t<a class=\"elementor-button elementor-button-link elementor-size-sm\" href=\"https:\/\/piscinesvilabertran.com\/fr\/comment-entretenir-sa-piscine-en-bon-etat-pendant-l-hiver\/\">\n\t\t\t\t\t\t<span class=\"elementor-button-content-wrapper\">\n\t\t\t\t\t\t\t\t\t<span class=\"elementor-button-text\">lire l'article<\/span>\n\t\t\t\t\t<\/span>\n\t\t\t\t\t<\/a>\n\t\t\t\t\t\t\t\t<\/div>\n\t\t\t\t<\/div>\n\t\t\t\t\t<\/div>\n\t\t\t\t<\/div>\n\t\t\t\t<\/div>\n\t\t\t\t<div data-elementor-type=\"loop-item\" data-elementor-id=\"1678\" class=\"elementor elementor-1678 elementor-1247 e-loop-item e-loop-item-1747 post-1747 post type-post status-publish format-standard has-post-thumbnail hentry category-sans-categorie\" data-elementor-post-type=\"elementor_library\" data-custom-edit-handle=\"1\">\n\t\t\t<div class=\"elementor-element elementor-element-399ea08 e-flex e-con-boxed e-con e-parent\" data-id=\"399ea08\" data-element_type=\"container\">\n\t\t\t\t\t<div class=\"e-con-inner\">\n\t\t\t\t<div class=\"elementor-element elementor-element-b9bfa19 elementor-widget elementor-widget-theme-post-featured-image elementor-widget-image\" data-id=\"b9bfa19\" data-element_type=\"widget\" data-widget_type=\"theme-post-featured-image.default\">\n\t\t\t\t\t\t\t\t\t\t\t\t\t\t\t\t<a href=\"https:\/\/piscinesvilabertran.com\/fr\/piscine-au-sel-ou-au-chlore-2\/\">\n\t\t\t\t\t\t\t<img alt=\"\" decoding=\"async\" width=\"800\" height=\"532\" src=\"https:\/\/piscinesvilabertran.com\/wp-content\/uploads\/2020\/12\/Pvilabertrandesbordant2-1-scaled-1-1024x681.jpg\" class=\"attachment-large size-large wp-image-1983\" alt=\"\" srcset=\"https:\/\/piscinesvilabertran.com\/wp-content\/uploads\/2020\/12\/Pvilabertrandesbordant2-1-scaled-1-1024x681.jpg 1024w, https:\/\/piscinesvilabertran.com\/wp-content\/uploads\/2020\/12\/Pvilabertrandesbordant2-1-scaled-1-300x199.jpg 300w, https:\/\/piscinesvilabertran.com\/wp-content\/uploads\/2020\/12\/Pvilabertrandesbordant2-1-scaled-1-768x511.jpg 768w, https:\/\/piscinesvilabertran.com\/wp-content\/uploads\/2020\/12\/Pvilabertrandesbordant2-1-scaled-1-1536x1021.jpg 1536w, https:\/\/piscinesvilabertran.com\/wp-content\/uploads\/2020\/12\/Pvilabertrandesbordant2-1-scaled-1-2048x1362.jpg 2048w\" sizes=\"(max-width: 800px) 100vw, 800px\" \/>\t\t\t\t\t\t\t\t<\/a>\n\t\t\t\t\t\t\t\t\t\t\t\t\t\t\t<\/div>\n\t\t<div class=\"elementor-element elementor-element-0cfbe74 e-con-full e-flex e-con e-child\" data-id=\"0cfbe74\" data-element_type=\"container\">\n\t\t\t\t<div class=\"elementor-element elementor-element-6f9dcdd elementor-widget elementor-widget-theme-post-title elementor-page-title elementor-widget-heading\" data-id=\"6f9dcdd\" data-element_type=\"widget\" data-widget_type=\"theme-post-title.default\">\n\t\t\t\t\t<h1 class=\"elementor-heading-title elementor-size-default\"><a href=\"https:\/\/piscinesvilabertran.com\/fr\/piscine-au-sel-ou-au-chlore-2\/\">Piscine au sel ou au chlore<\/a><\/h1>\t\t\t\t<\/div>\n\t\t\t\t<div class=\"elementor-element elementor-element-45e35f7 elementor-widget elementor-widget-theme-post-excerpt\" data-id=\"45e35f7\" data-element_type=\"widget\" data-widget_type=\"theme-post-excerpt.default\">\n\t\t\t\t\tNous vous expliquons les principales diff\u00e9rences entre les piscines au sel et au chlore.\t\t\t\t<\/div>\n\t\t\t\t<div class=\"elementor-element elementor-element-2820278 elementor-align-left elementor-widget elementor-widget-button\" data-id=\"2820278\" data-element_type=\"widget\" data-widget_type=\"button.default\">\n\t\t\t\t\t\t\t\t\t\t<a class=\"elementor-button elementor-button-link elementor-size-sm\" href=\"https:\/\/piscinesvilabertran.com\/fr\/piscine-au-sel-ou-au-chlore-2\/\">\n\t\t\t\t\t\t<span class=\"elementor-button-content-wrapper\">\n\t\t\t\t\t\t\t\t\t<span class=\"elementor-button-text\">lire l'article<\/span>\n\t\t\t\t\t<\/span>\n\t\t\t\t\t<\/a>\n\t\t\t\t\t\t\t\t<\/div>\n\t\t\t\t<\/div>\n\t\t\t\t\t<\/div>\n\t\t\t\t<\/div>\n\t\t\t\t<\/div>\n\t\t\t\t<\/div>\n\t\t\n\t\t\t\t\t\t<\/div>\n\t\t\t\t<\/div>\n\t\t\t\t\t<\/div>\n\t\t\t\t<\/div>\n\t\t\t\t<\/div>\n\t\t","protected":false},"excerpt":{"rendered":"<p>Blog de piscines Conseils, id\u00e9es et actualit\u00e9s pour profiter et entretenir votre piscine toute l&rsquo;ann\u00e9e.<\/p>\n","protected":false},"author":1,"featured_media":0,"parent":0,"menu_order":0,"comment_status":"closed","ping_status":"closed","template":"","meta":{"_seopress_robots_primary_cat":"","_seopress_titles_title":"Conseils essentiels pour l'entretien de la piscine","_seopress_titles_desc":"D\u00e9couvrez les derni\u00e8res tendances et astuces piscines sur notre blog. Profitez d'un \u00e9t\u00e9 parfait avec la piscine de vos r\u00eaves\u00a0! ","_seopress_robots_index":"","footnotes":""},"class_list":["post-1666","page","type-page","status-publish","hentry"],"_links":{"self":[{"href":"https:\/\/piscinesvilabertran.com\/fr\/wp-json\/wp\/v2\/pages\/1666","targetHints":{"allow":["GET"]}}],"collection":[{"href":"https:\/\/piscinesvilabertran.com\/fr\/wp-json\/wp\/v2\/pages"}],"about":[{"href":"https:\/\/piscinesvilabertran.com\/fr\/wp-json\/wp\/v2\/types\/page"}],"author":[{"embeddable":true,"href":"https:\/\/piscinesvilabertran.com\/fr\/wp-json\/wp\/v2\/users\/1"}],"replies":[{"embeddable":true,"href":"https:\/\/piscinesvilabertran.com\/fr\/wp-json\/wp\/v2\/comments?post=1666"}],"version-history":[{"count":3,"href":"https:\/\/piscinesvilabertran.com\/fr\/wp-json\/wp\/v2\/pages\/1666\/revisions"}],"predecessor-version":[{"id":2099,"href":"https:\/\/piscinesvilabertran.com\/fr\/wp-json\/wp\/v2\/pages\/1666\/revisions\/2099"}],"wp:attachment":[{"href":"https:\/\/piscinesvilabertran.com\/fr\/wp-json\/wp\/v2\/media?parent=1666"}],"curies":[{"name":"wp","href":"https:\/\/api.w.org\/{rel}","templated":true}]}}