{"id":1682,"date":"2024-12-19T13:02:43","date_gmt":"2024-12-19T12:02:43","guid":{"rendered":"https:\/\/piscinesvilabertran.com\/formes-piscines\/"},"modified":"2025-08-17T02:07:36","modified_gmt":"2025-08-17T00:07:36","slug":"formes-piscines","status":"publish","type":"page","link":"https:\/\/piscinesvilabertran.com\/fr\/formes-piscines\/","title":{"rendered":"Formes Piscines"},"content":{"rendered":"\t\t<div data-elementor-type=\"wp-page\" data-elementor-id=\"1682\" class=\"elementor elementor-1682 elementor-430\" data-elementor-post-type=\"page\">\n\t\t\t\t<div class=\"elementor-element elementor-element-570e9b1 e-flex e-con-boxed e-con e-parent\" data-id=\"570e9b1\" data-element_type=\"container\" data-settings=\"{&quot;background_background&quot;:&quot;classic&quot;}\">\n\t\t\t\t\t<div class=\"e-con-inner\">\n\t\t\t\t<div class=\"elementor-element elementor-element-e16a4cd elementor-widget-tablet__width-initial elementor-widget__width-initial elementor-widget elementor-widget-heading\" data-id=\"e16a4cd\" data-element_type=\"widget\" data-widget_type=\"heading.default\">\n\t\t\t\t\t<h1 class=\"elementor-heading-title elementor-size-default\">Nous nous adaptons au terrain<br>et \u00e0 la forme que vous choisissez<\/h1>\t\t\t\t<\/div>\n\t\t\t\t<div class=\"elementor-element elementor-element-cec4e4e elementor-mobile-align-left elementor-widget elementor-widget-button\" data-id=\"cec4e4e\" data-element_type=\"widget\" data-widget_type=\"button.default\">\n\t\t\t\t\t\t\t\t\t\t<a class=\"elementor-button elementor-button-link elementor-size-sm\" href=\"https:\/\/piscinesvilabertran.com\/fr\/contact\/\">\n\t\t\t\t\t\t<span class=\"elementor-button-content-wrapper\">\n\t\t\t\t\t\t\t\t\t<span class=\"elementor-button-text\">R\u00c9SERVER UN RENDEZ-VOUS<\/span>\n\t\t\t\t\t<\/span>\n\t\t\t\t\t<\/a>\n\t\t\t\t\t\t\t\t<\/div>\n\t\t\t\t\t<\/div>\n\t\t\t\t<\/div>\n\t\t<div class=\"elementor-element elementor-element-9a58648 e-flex e-con-boxed e-con e-parent\" data-id=\"9a58648\" data-element_type=\"container\" data-settings=\"{&quot;background_background&quot;:&quot;gradient&quot;}\">\n\t\t\t\t\t<div class=\"e-con-inner\">\n\t\t\t\t<div class=\"elementor-element elementor-element-d996c69 elementor-widget-mobile__width-initial elementor-widget elementor-widget-heading\" data-id=\"d996c69\" data-element_type=\"widget\" data-widget_type=\"heading.default\">\n\t\t\t\t\t<h2 class=\"elementor-heading-title elementor-size-default\">\u00c0 quel type de piscine pensiez-vous ?<\/h2>\t\t\t\t<\/div>\n\t\t\t\t<div class=\"elementor-element elementor-element-76af906 elementor-widget-divider--view-line elementor-widget elementor-widget-divider\" data-id=\"76af906\" data-element_type=\"widget\" data-widget_type=\"divider.default\">\n\t\t\t\t\t\t\t<div class=\"elementor-divider\">\n\t\t\t<span class=\"elementor-divider-separator\">\n\t\t\t\t\t\t<\/span>\n\t\t<\/div>\n\t\t\t\t\t\t<\/div>\n\t\t<div class=\"elementor-element elementor-element-0d26117 e-con-full e-flex e-con e-child\" data-id=\"0d26117\" data-element_type=\"container\">\n\t\t<div class=\"elementor-element elementor-element-aefae03 e-grid e-con-full e-con e-child\" data-id=\"aefae03\" data-element_type=\"container\">\n\t\t<div class=\"elementor-element elementor-element-50c47b9 e-con-full e-flex e-con e-child\" data-id=\"50c47b9\" data-element_type=\"container\" data-settings=\"{&quot;background_background&quot;:&quot;classic&quot;}\">\n\t\t<div class=\"elementor-element elementor-element-c7c23a7 e-con-full e-flex e-con e-child\" data-id=\"c7c23a7\" data-element_type=\"container\" data-settings=\"{&quot;background_background&quot;:&quot;classic&quot;}\">\n\t\t\t\t<div class=\"elementor-element elementor-element-46ef65a elementor-widget elementor-widget-button\" data-id=\"46ef65a\" data-element_type=\"widget\" data-widget_type=\"button.default\">\n\t\t\t\t\t\t\t\t\t\t<a class=\"elementor-button elementor-button-link elementor-size-sm\" href=\"#\">\n\t\t\t\t\t\t<span class=\"elementor-button-content-wrapper\">\n\t\t\t\t\t\t\t\t\t<span class=\"elementor-button-text\">INFINITY<\/span>\n\t\t\t\t\t<\/span>\n\t\t\t\t\t<\/a>\n\t\t\t\t\t\t\t\t<\/div>\n\t\t\t\t<\/div>\n\t\t<div class=\"elementor-element elementor-element-021e570 e-con-full e-flex e-con e-child\" data-id=\"021e570\" data-element_type=\"container\" data-settings=\"{&quot;background_background&quot;:&quot;classic&quot;}\">\n\t\t\t\t<div class=\"elementor-element elementor-element-38d08af elementor-widget elementor-widget-text-editor\" data-id=\"38d08af\" data-element_type=\"widget\" data-widget_type=\"text-editor.default\">\n\t\t\t\t\t\t\t\t\t<p>Le local technique est l&rsquo;endroit o\u00f9 sera install\u00e9 tout l&rsquo;\u00e9quipement, principalement la pompe et le filtre.<br>Selon l&rsquo;esth\u00e9tique de la maison et du terrain, il peut \u00eatre install\u00e9 dans le jardin ou enterr\u00e9 pour le dissimuler.<br>L&#8217;emplacement de ce local technique doit disposer d&rsquo;un raccordement \u00e0 l&rsquo;eau, \u00e0 l&rsquo;\u00e9lectricit\u00e9 et \u00e0 l&rsquo;\u00e9vacuation.<\/p>\t\t\t\t\t\t\t\t<\/div>\n\t\t\t\t<div class=\"elementor-element elementor-element-d00a710 elementor-align-center elementor-widget elementor-widget-button\" data-id=\"d00a710\" data-element_type=\"widget\" data-widget_type=\"button.default\">\n\t\t\t\t\t\t\t\t\t\t<a class=\"elementor-button elementor-button-link elementor-size-sm\" href=\"https:\/\/piscinesvilabertran.com\/fr\/contact\/\">\n\t\t\t\t\t\t<span class=\"elementor-button-content-wrapper\">\n\t\t\t\t\t\t\t\t\t<span class=\"elementor-button-text\">DEMANDER DES INFORMATIONS<\/span>\n\t\t\t\t\t<\/span>\n\t\t\t\t\t<\/a>\n\t\t\t\t\t\t\t\t<\/div>\n\t\t\t\t<\/div>\n\t\t\t\t<\/div>\n\t\t<div class=\"elementor-element elementor-element-0a8b266 e-con-full e-flex e-con e-child\" data-id=\"0a8b266\" data-element_type=\"container\" data-settings=\"{&quot;background_background&quot;:&quot;classic&quot;}\">\n\t\t<div class=\"elementor-element elementor-element-7844f4e e-con-full e-flex e-con e-child\" data-id=\"7844f4e\" data-element_type=\"container\" data-settings=\"{&quot;background_background&quot;:&quot;classic&quot;}\">\n\t\t\t\t<div class=\"elementor-element elementor-element-18e017f elementor-widget elementor-widget-button\" data-id=\"18e017f\" data-element_type=\"widget\" data-widget_type=\"button.default\">\n\t\t\t\t\t\t\t\t\t\t<a class=\"elementor-button elementor-button-link elementor-size-sm\" href=\"#\">\n\t\t\t\t\t\t<span class=\"elementor-button-content-wrapper\">\n\t\t\t\t\t\t\t\t\t<span class=\"elementor-button-text\">FIBRE<\/span>\n\t\t\t\t\t<\/span>\n\t\t\t\t\t<\/a>\n\t\t\t\t\t\t\t\t<\/div>\n\t\t\t\t<\/div>\n\t\t<div class=\"elementor-element elementor-element-5453e66 e-con-full e-flex e-con e-child\" data-id=\"5453e66\" data-element_type=\"container\" data-settings=\"{&quot;background_background&quot;:&quot;classic&quot;}\">\n\t\t\t\t<div class=\"elementor-element elementor-element-7d29226 elementor-widget elementor-widget-text-editor\" data-id=\"7d29226\" data-element_type=\"widget\" data-widget_type=\"text-editor.default\">\n\t\t\t\t\t\t\t\t\t<p>\u00c0 l&rsquo;int\u00e9rieur du bassin \u00e9tanche, un escalier \u00ab ma\u00e7onn\u00e9 peut \u00eatre r\u00e9alis\u00e9 dans la forme souhait\u00e9e.<br>Actuellement, il est tr\u00e8s tendance d&rsquo;installer une petite plage ou un banc pour s&rsquo;asseoir, bien que l&rsquo;on continue \u00e9galement d&rsquo;installer des \u00e9chelles en \u00bb acier inoxydable qui occupent moins d&rsquo;espace mais sont plus difficiles \u00ab pour sortir de l&rsquo; \u00bb eau.<\/p>\t\t\t\t\t\t\t\t<\/div>\n\t\t\t\t<div class=\"elementor-element elementor-element-dd43de4 elementor-align-center elementor-widget elementor-widget-button\" data-id=\"dd43de4\" data-element_type=\"widget\" data-widget_type=\"button.default\">\n\t\t\t\t\t\t\t\t\t\t<a class=\"elementor-button elementor-button-link elementor-size-sm\" href=\"https:\/\/piscinesvilabertran.com\/fr\/contact\/\">\n\t\t\t\t\t\t<span class=\"elementor-button-content-wrapper\">\n\t\t\t\t\t\t\t\t\t<span class=\"elementor-button-text\">DEMANDER DES INFORMATIONS<\/span>\n\t\t\t\t\t<\/span>\n\t\t\t\t\t<\/a>\n\t\t\t\t\t\t\t\t<\/div>\n\t\t\t\t<\/div>\n\t\t\t\t<\/div>\n\t\t<div class=\"elementor-element elementor-element-0f5a5e4 e-con-full e-flex e-con e-child\" data-id=\"0f5a5e4\" data-element_type=\"container\" data-settings=\"{&quot;background_background&quot;:&quot;classic&quot;}\">\n\t\t<div class=\"elementor-element elementor-element-126df0c e-con-full e-flex e-con e-child\" data-id=\"126df0c\" data-element_type=\"container\" data-settings=\"{&quot;background_background&quot;:&quot;classic&quot;}\">\n\t\t\t\t<div class=\"elementor-element elementor-element-e68d21f elementor-widget elementor-widget-button\" data-id=\"e68d21f\" data-element_type=\"widget\" data-widget_type=\"button.default\">\n\t\t\t\t\t\t\t\t\t\t<a class=\"elementor-button elementor-button-link elementor-size-sm\" href=\"#\">\n\t\t\t\t\t\t<span class=\"elementor-button-content-wrapper\">\n\t\t\t\t\t\t\t\t\t<span class=\"elementor-button-text\">B\u00c9TON<\/span>\n\t\t\t\t\t<\/span>\n\t\t\t\t\t<\/a>\n\t\t\t\t\t\t\t\t<\/div>\n\t\t\t\t<\/div>\n\t\t<div class=\"elementor-element elementor-element-9ba4a4d e-con-full e-flex e-con e-child\" data-id=\"9ba4a4d\" data-element_type=\"container\" data-settings=\"{&quot;background_background&quot;:&quot;classic&quot;}\">\n\t\t\t\t<div class=\"elementor-element elementor-element-a62087b elementor-widget elementor-widget-text-editor\" data-id=\"a62087b\" data-element_type=\"widget\" data-widget_type=\"text-editor.default\">\n\t\t\t\t\t\t\t\t\t<p>Diff\u00e9rentes couleurs de mosa\u00efque peuvent \u00eatre choisies pour l&rsquo;int\u00e9rieur de la piscine.<br>Les possibilit\u00e9s sont tr\u00e8s vastes.<br>Du bleu classique avec joints blancs jusqu&rsquo;aux couleurs plus modernes. Aujourd&rsquo;hui, on utilise davantage les tons froids comme le gris et le blanc, pour mieux s&rsquo;harmoniser avec l&rsquo;esth\u00e9tique des maisons modernes. <br>Mais le dernier mot revient au client. <br>\u00c0 chacun ses go\u00fbts&#8230; et ses couleurs !<\/p>\t\t\t\t\t\t\t\t<\/div>\n\t\t\t\t<div class=\"elementor-element elementor-element-9b90499 elementor-align-center elementor-widget elementor-widget-button\" data-id=\"9b90499\" data-element_type=\"widget\" data-widget_type=\"button.default\">\n\t\t\t\t\t\t\t\t\t\t<a class=\"elementor-button elementor-button-link elementor-size-sm\" href=\"https:\/\/piscinesvilabertran.com\/fr\/contact\/\">\n\t\t\t\t\t\t<span class=\"elementor-button-content-wrapper\">\n\t\t\t\t\t\t\t\t\t<span class=\"elementor-button-text\">DEMANDER DES INFORMATIONS<\/span>\n\t\t\t\t\t<\/span>\n\t\t\t\t\t<\/a>\n\t\t\t\t\t\t\t\t<\/div>\n\t\t\t\t<\/div>\n\t\t\t\t<\/div>\n\t\t<div class=\"elementor-element elementor-element-20053e3 e-con-full e-flex e-con e-child\" data-id=\"20053e3\" data-element_type=\"container\" data-settings=\"{&quot;background_background&quot;:&quot;classic&quot;}\">\n\t\t<div class=\"elementor-element elementor-element-1906073 e-con-full e-flex e-con e-child\" data-id=\"1906073\" data-element_type=\"container\" data-settings=\"{&quot;background_background&quot;:&quot;classic&quot;}\">\n\t\t\t\t<div class=\"elementor-element elementor-element-d1a93bd elementor-widget elementor-widget-button\" data-id=\"d1a93bd\" data-element_type=\"widget\" data-widget_type=\"button.default\">\n\t\t\t\t\t\t\t\t\t\t<a class=\"elementor-button elementor-button-link elementor-size-sm\" href=\"#\">\n\t\t\t\t\t\t<span class=\"elementor-button-content-wrapper\">\n\t\t\t\t\t\t\t\t\t<span class=\"elementor-button-text\">REV\u00caTEMENT EN PORCELAINE<\/span>\n\t\t\t\t\t<\/span>\n\t\t\t\t\t<\/a>\n\t\t\t\t\t\t\t\t<\/div>\n\t\t\t\t<\/div>\n\t\t<div class=\"elementor-element elementor-element-545dbf3 e-con-full e-flex e-con e-child\" data-id=\"545dbf3\" data-element_type=\"container\" data-settings=\"{&quot;background_background&quot;:&quot;classic&quot;}\">\n\t\t\t\t<div class=\"elementor-element elementor-element-7e42c9f elementor-widget elementor-widget-text-editor\" data-id=\"7e42c9f\" data-element_type=\"widget\" data-widget_type=\"text-editor.default\">\n\t\t\t\t\t\t\t\t\t<p>Les \u00e9clairages pour l&rsquo;int\u00e9rieur de la piscine sont aujourd&rsquo;hui des LED blanches. L&rsquo;\u00ab avantage par rapport aux lampes halog\u00e8nes est qu&rsquo;elles consomment moins d&rsquo;\u00e9nergie.<br>Des LED de couleur peuvent \u00e9galement \u00eatre install\u00e9es, avec leur t\u00e9l\u00e9commande.<br>L&rsquo; \u00bb ambiance du jardin peut changer selon les couleurs qui vous plaisent ce soir-l\u00e0.<\/p>\t\t\t\t\t\t\t\t<\/div>\n\t\t\t\t<div class=\"elementor-element elementor-element-ebbeeb7 elementor-align-center elementor-widget elementor-widget-button\" data-id=\"ebbeeb7\" data-element_type=\"widget\" data-widget_type=\"button.default\">\n\t\t\t\t\t\t\t\t\t\t<a class=\"elementor-button elementor-button-link elementor-size-sm\" href=\"https:\/\/piscinesvilabertran.com\/fr\/contact\/\">\n\t\t\t\t\t\t<span class=\"elementor-button-content-wrapper\">\n\t\t\t\t\t\t\t\t\t<span class=\"elementor-button-text\">DEMANDER DES INFORMATIONS<\/span>\n\t\t\t\t\t<\/span>\n\t\t\t\t\t<\/a>\n\t\t\t\t\t\t\t\t<\/div>\n\t\t\t\t<\/div>\n\t\t\t\t<\/div>\n\t\t\t\t<\/div>\n\t\t\t\t<\/div>\n\t\t<div class=\"elementor-element elementor-element-024ccda e-con-full e-flex e-con e-child\" data-id=\"024ccda\" data-element_type=\"container\">\n\t\t<div class=\"elementor-element elementor-element-47ca1e7 e-grid e-con-full e-con e-child\" data-id=\"47ca1e7\" data-element_type=\"container\">\n\t\t<div class=\"elementor-element elementor-element-468c9e0 e-con-full e-flex e-con e-child\" data-id=\"468c9e0\" data-element_type=\"container\">\n\t\t<div class=\"elementor-element elementor-element-c896159 e-con-full e-flex e-con e-child\" data-id=\"c896159\" data-element_type=\"container\" data-settings=\"{&quot;background_background&quot;:&quot;classic&quot;}\">\n\t\t\t\t<div class=\"elementor-element elementor-element-f06d1ef elementor-widget elementor-widget-button\" data-id=\"f06d1ef\" data-element_type=\"widget\" data-widget_type=\"button.default\">\n\t\t\t\t\t\t\t\t\t\t<a class=\"elementor-button elementor-button-link elementor-size-sm\" href=\"#\">\n\t\t\t\t\t\t<span class=\"elementor-button-content-wrapper\">\n\t\t\t\t\t\t\t\t\t<span class=\"elementor-button-text\">\u00c0 SKIMMER<\/span>\n\t\t\t\t\t<\/span>\n\t\t\t\t\t<\/a>\n\t\t\t\t\t\t\t\t<\/div>\n\t\t\t\t<\/div>\n\t\t<div class=\"elementor-element elementor-element-1877b84 e-con-full e-flex e-con e-child\" data-id=\"1877b84\" data-element_type=\"container\" data-settings=\"{&quot;background_background&quot;:&quot;classic&quot;}\">\n\t\t\t\t<div class=\"elementor-element elementor-element-7becf52 elementor-widget elementor-widget-text-editor\" data-id=\"7becf52\" data-element_type=\"widget\" data-widget_type=\"text-editor.default\">\n\t\t\t\t\t\t\t\t\t<p>Les skimmers sont les ouvertures rectangulaires sur les c\u00f4t\u00e9s des piscines ma\u00e7onn\u00e9es.<br>Ils sont con\u00e7us pour aspirer les 4 millim\u00e8tres sup\u00e9rieurs de l&rsquo;eau et \u00e9liminer les salet\u00e9s qui peuvent s&rsquo;y accumuler (comme la graisse des cr\u00e8mes solaires, les feuilles, etc.).<\/p>\t\t\t\t\t\t\t\t<\/div>\n\t\t\t\t<div class=\"elementor-element elementor-element-a267c78 elementor-align-center elementor-widget elementor-widget-button\" data-id=\"a267c78\" data-element_type=\"widget\" data-widget_type=\"button.default\">\n\t\t\t\t\t\t\t\t\t\t<a class=\"elementor-button elementor-button-link elementor-size-sm\" href=\"https:\/\/piscinesvilabertran.com\/fr\/contact\/\">\n\t\t\t\t\t\t<span class=\"elementor-button-content-wrapper\">\n\t\t\t\t\t\t\t\t\t<span class=\"elementor-button-text\">DEMANDER DES INFORMATIONS<\/span>\n\t\t\t\t\t<\/span>\n\t\t\t\t\t<\/a>\n\t\t\t\t\t\t\t\t<\/div>\n\t\t\t\t<\/div>\n\t\t\t\t<\/div>\n\t\t<div class=\"elementor-element elementor-element-f2cb285 e-con-full e-flex e-con e-child\" data-id=\"f2cb285\" data-element_type=\"container\">\n\t\t<div class=\"elementor-element elementor-element-6bf4407 e-con-full e-flex e-con e-child\" data-id=\"6bf4407\" data-element_type=\"container\" data-settings=\"{&quot;background_background&quot;:&quot;classic&quot;}\">\n\t\t\t\t<div class=\"elementor-element elementor-element-8c72342 elementor-widget elementor-widget-button\" data-id=\"8c72342\" data-element_type=\"widget\" data-widget_type=\"button.default\">\n\t\t\t\t\t\t\t\t\t\t<a class=\"elementor-button elementor-button-link elementor-size-sm\" href=\"#\">\n\t\t\t\t\t\t<span class=\"elementor-button-content-wrapper\">\n\t\t\t\t\t\t\t\t\t<span class=\"elementor-button-text\">D\u00c9BORDEMENT AVEC GRILLE<\/span>\n\t\t\t\t\t<\/span>\n\t\t\t\t\t<\/a>\n\t\t\t\t\t\t\t\t<\/div>\n\t\t\t\t<\/div>\n\t\t<div class=\"elementor-element elementor-element-5ed4b97 e-con-full e-flex e-con e-child\" data-id=\"5ed4b97\" data-element_type=\"container\" data-settings=\"{&quot;background_background&quot;:&quot;classic&quot;}\">\n\t\t\t\t<div class=\"elementor-element elementor-element-f455da4 elementor-widget elementor-widget-text-editor\" data-id=\"f455da4\" data-element_type=\"widget\" data-widget_type=\"text-editor.default\">\n\t\t\t\t\t\t\t\t\t<p>Ce sont celles qui ont une grille sur tout le p\u00e9rim\u00e8tre pour emp\u00eacher les feuilles d&rsquo;entrer lors du passage de l&rsquo;eau. <br>On \u00ab parvient \u00e0 nettoyer l&rsquo; \u00bb eau (sans que les feuilles n&rsquo;obstruent le processus) qui est ensuite renvoy\u00e9e dans la piscine. <\/p>\t\t\t\t\t\t\t\t<\/div>\n\t\t\t\t<div class=\"elementor-element elementor-element-39549d2 elementor-align-center elementor-widget elementor-widget-button\" data-id=\"39549d2\" data-element_type=\"widget\" data-widget_type=\"button.default\">\n\t\t\t\t\t\t\t\t\t\t<a class=\"elementor-button elementor-button-link elementor-size-sm\" href=\"https:\/\/piscinesvilabertran.com\/fr\/contact\/\">\n\t\t\t\t\t\t<span class=\"elementor-button-content-wrapper\">\n\t\t\t\t\t\t\t\t\t<span class=\"elementor-button-text\">DEMANDER DES INFORMATIONS<\/span>\n\t\t\t\t\t<\/span>\n\t\t\t\t\t<\/a>\n\t\t\t\t\t\t\t\t<\/div>\n\t\t\t\t<\/div>\n\t\t\t\t<\/div>\n\t\t<div class=\"elementor-element elementor-element-e61c1e5 e-con-full e-flex e-con e-child\" data-id=\"e61c1e5\" data-element_type=\"container\">\n\t\t<div class=\"elementor-element elementor-element-abfa00e e-con-full e-flex e-con e-child\" data-id=\"abfa00e\" data-element_type=\"container\" data-settings=\"{&quot;background_background&quot;:&quot;classic&quot;}\">\n\t\t\t\t<div class=\"elementor-element elementor-element-7c57f26 elementor-widget elementor-widget-button\" data-id=\"7c57f26\" data-element_type=\"widget\" data-widget_type=\"button.default\">\n\t\t\t\t\t\t\t\t\t\t<a class=\"elementor-button elementor-button-link elementor-size-sm\" href=\"#\">\n\t\t\t\t\t\t<span class=\"elementor-button-content-wrapper\">\n\t\t\t\t\t\t\t\t\t<span class=\"elementor-button-text\">REV\u00caTEMENT EN MOSA\u00cfQUE<\/span>\n\t\t\t\t\t<\/span>\n\t\t\t\t\t<\/a>\n\t\t\t\t\t\t\t\t<\/div>\n\t\t\t\t<\/div>\n\t\t<div class=\"elementor-element elementor-element-2bfb91f e-con-full e-flex e-con e-child\" data-id=\"2bfb91f\" data-element_type=\"container\" data-settings=\"{&quot;background_background&quot;:&quot;classic&quot;}\">\n\t\t\t\t<div class=\"elementor-element elementor-element-d652a90 elementor-widget elementor-widget-text-editor\" data-id=\"d652a90\" data-element_type=\"widget\" data-widget_type=\"text-editor.default\">\n\t\t\t\t\t\t\t\t\t<p>Ce type de rev\u00eatement est imperm\u00e9able, avec des fonctions d\u00e9coratives et tr\u00e8s facile \u00e0 installer. <br>Il offre une bonne r\u00e9sistance et durabilit\u00e9. <br>Cela sera tr\u00e8s utile pour les piscines qui subiront des diff\u00e9rences de temp\u00e9rature extr\u00eames au cours de l&rsquo;ann\u00e9e.<\/p>\t\t\t\t\t\t\t\t<\/div>\n\t\t\t\t<div class=\"elementor-element elementor-element-d3a6fc5 elementor-align-center elementor-widget elementor-widget-button\" data-id=\"d3a6fc5\" data-element_type=\"widget\" data-widget_type=\"button.default\">\n\t\t\t\t\t\t\t\t\t\t<a class=\"elementor-button elementor-button-link elementor-size-sm\" href=\"https:\/\/piscinesvilabertran.com\/fr\/contact\/\">\n\t\t\t\t\t\t<span class=\"elementor-button-content-wrapper\">\n\t\t\t\t\t\t\t\t\t<span class=\"elementor-button-text\">DEMANDER DES INFORMATIONS<\/span>\n\t\t\t\t\t<\/span>\n\t\t\t\t\t<\/a>\n\t\t\t\t\t\t\t\t<\/div>\n\t\t\t\t<\/div>\n\t\t\t\t<\/div>\n\t\t\t\t<\/div>\n\t\t\t\t<\/div>\n\t\t\t\t\t<\/div>\n\t\t\t\t<\/div>\n\t\t<div class=\"elementor-element elementor-element-eeaf78f e-flex e-con-boxed e-con e-parent\" data-id=\"eeaf78f\" data-element_type=\"container\" data-settings=\"{&quot;background_background&quot;:&quot;classic&quot;}\">\n\t\t\t\t\t<div class=\"e-con-inner\">\n\t\t\t\t<div class=\"elementor-element elementor-element-1e5fcb8 elementor-widget__width-initial elementor-widget-tablet__width-inherit elementor-widget elementor-widget-heading\" data-id=\"1e5fcb8\" data-element_type=\"widget\" data-widget_type=\"heading.default\">\n\t\t\t\t\t<h2 class=\"elementor-heading-title elementor-size-default\">R\u00e9servez votre rendez-vous<\/h2>\t\t\t\t<\/div>\n\t\t\t\t<div class=\"elementor-element elementor-element-53a63f8 elementor-widget elementor-widget-heading\" data-id=\"53a63f8\" data-element_type=\"widget\" data-widget_type=\"heading.default\">\n\t\t\t\t\t<h2 class=\"elementor-heading-title elementor-size-default\">Nous r\u00e9pondrons \u00e0 toutes vos questions<\/h2>\t\t\t\t<\/div>\n\t\t\t\t<div class=\"elementor-element elementor-element-2d11bf1 elementor-align-center elementor-widget elementor-widget-button\" data-id=\"2d11bf1\" data-element_type=\"widget\" data-widget_type=\"button.default\">\n\t\t\t\t\t\t\t\t\t\t<a class=\"elementor-button elementor-button-link elementor-size-sm\" href=\"https:\/\/piscinesvilabertran.com\/fr\/contact\/\">\n\t\t\t\t\t\t<span class=\"elementor-button-content-wrapper\">\n\t\t\t\t\t\t\t\t\t<span class=\"elementor-button-text\">R\u00c9SERVER UN RENDEZ-VOUS<\/span>\n\t\t\t\t\t<\/span>\n\t\t\t\t\t<\/a>\n\t\t\t\t\t\t\t\t<\/div>\n\t\t\t\t\t<\/div>\n\t\t\t\t<\/div>\n\t\t\t\t<\/div>\n\t\t","protected":false},"excerpt":{"rendered":"<p>Nous nous adaptons au terrainet \u00e0 la forme que vous choisissez R\u00c9SERVER UN RENDEZ-VOUS \u00c0 quel type de piscine pensiez-vous ? INFINITY Le local technique est l&rsquo;endroit o\u00f9 sera install\u00e9 tout l&rsquo;\u00e9quipement, principalement la pompe et le filtre.Selon l&rsquo;esth\u00e9tique de la maison et du terrain, il peut \u00eatre install\u00e9 dans le jardin ou enterr\u00e9 pour [&hellip;]<\/p>\n","protected":false},"author":1,"featured_media":0,"parent":0,"menu_order":0,"comment_status":"closed","ping_status":"closed","template":"","meta":{"_seopress_robots_primary_cat":"","_seopress_titles_title":"Innovation dans les piscines : d\u00e9couvrez les rev\u00eatements","_seopress_titles_desc":"Transformez votre espace avec des piscines \u00e0 d\u00e9bordement et un rev\u00eatement moderne. D\u00e9couvrez nos options d'escaliers et d'\u00e9clairage LED. ","_seopress_robots_index":"","footnotes":""},"class_list":["post-1682","page","type-page","status-publish","hentry"],"_links":{"self":[{"href":"https:\/\/piscinesvilabertran.com\/fr\/wp-json\/wp\/v2\/pages\/1682","targetHints":{"allow":["GET"]}}],"collection":[{"href":"https:\/\/piscinesvilabertran.com\/fr\/wp-json\/wp\/v2\/pages"}],"about":[{"href":"https:\/\/piscinesvilabertran.com\/fr\/wp-json\/wp\/v2\/types\/page"}],"author":[{"embeddable":true,"href":"https:\/\/piscinesvilabertran.com\/fr\/wp-json\/wp\/v2\/users\/1"}],"replies":[{"embeddable":true,"href":"https:\/\/piscinesvilabertran.com\/fr\/wp-json\/wp\/v2\/comments?post=1682"}],"version-history":[{"count":4,"href":"https:\/\/piscinesvilabertran.com\/fr\/wp-json\/wp\/v2\/pages\/1682\/revisions"}],"predecessor-version":[{"id":2077,"href":"https:\/\/piscinesvilabertran.com\/fr\/wp-json\/wp\/v2\/pages\/1682\/revisions\/2077"}],"wp:attachment":[{"href":"https:\/\/piscinesvilabertran.com\/fr\/wp-json\/wp\/v2\/media?parent=1682"}],"curies":[{"name":"wp","href":"https:\/\/api.w.org\/{rel}","templated":true}]}}