{"id":1718,"date":"2024-12-19T08:37:52","date_gmt":"2024-12-19T07:37:52","guid":{"rendered":"https:\/\/piscinesvilabertran.com\/reparations\/"},"modified":"2025-08-11T20:46:07","modified_gmt":"2025-08-11T20:46:07","slug":"reparations","status":"publish","type":"page","link":"https:\/\/piscinesvilabertran.com\/fr\/reparations\/","title":{"rendered":"R\u00e9parations"},"content":{"rendered":"\t\t<div data-elementor-type=\"wp-page\" data-elementor-id=\"1718\" class=\"elementor elementor-1718 elementor-301\" data-elementor-post-type=\"page\">\n\t\t\t\t<div class=\"elementor-element elementor-element-1e4852d e-flex e-con-boxed e-con e-parent\" data-id=\"1e4852d\" data-element_type=\"container\" data-settings=\"{&quot;background_background&quot;:&quot;classic&quot;}\">\n\t\t\t\t\t<div class=\"e-con-inner\">\n\t\t\t\t<div class=\"elementor-element elementor-element-1fd94cd elementor-widget-tablet__width-inherit elementor-widget elementor-widget-heading\" data-id=\"1fd94cd\" data-element_type=\"widget\" data-widget_type=\"heading.default\">\n\t\t\t\t\t<h2 class=\"elementor-heading-title elementor-size-default\">R\u00e9parations de piscines<\/h2>\t\t\t\t<\/div>\n\t\t\t\t<div class=\"elementor-element elementor-element-7fc3d29 elementor-widget__width-initial elementor-widget elementor-widget-heading\" data-id=\"7fc3d29\" data-element_type=\"widget\" data-widget_type=\"heading.default\">\n\t\t\t\t\t<h2 class=\"elementor-heading-title elementor-size-default\">Les r\u00e9parations peuvent \u00eatre nombreuses<br>Chaque piscine \u00e9tant unique<\/h2>\t\t\t\t<\/div>\n\t\t\t\t<div class=\"elementor-element elementor-element-b00eb40 elementor-mobile-align-left elementor-widget elementor-widget-button\" data-id=\"b00eb40\" data-element_type=\"widget\" data-widget_type=\"button.default\">\n\t\t\t\t\t\t\t\t\t\t<a class=\"elementor-button elementor-button-link elementor-size-sm\" href=\"#\">\n\t\t\t\t\t\t<span class=\"elementor-button-content-wrapper\">\n\t\t\t\t\t\t\t\t\t<span class=\"elementor-button-text\">R\u00c9SERVER UN RENDEZ-VOUS<\/span>\n\t\t\t\t\t<\/span>\n\t\t\t\t\t<\/a>\n\t\t\t\t\t\t\t\t<\/div>\n\t\t\t\t\t<\/div>\n\t\t\t\t<\/div>\n\t\t<div class=\"elementor-element elementor-element-5758ef0 e-flex e-con-boxed e-con e-parent\" data-id=\"5758ef0\" data-element_type=\"container\" data-settings=\"{&quot;background_background&quot;:&quot;gradient&quot;}\">\n\t\t\t\t\t<div class=\"e-con-inner\">\n\t\t<div class=\"elementor-element elementor-element-f39f792 e-flex e-con-boxed e-con e-child\" data-id=\"f39f792\" data-element_type=\"container\" data-settings=\"{&quot;background_background&quot;:&quot;classic&quot;}\">\n\t\t\t\t\t<div class=\"e-con-inner\">\n\t\t<div class=\"elementor-element elementor-element-0ead0d5 e-con-full e-flex e-con e-child\" data-id=\"0ead0d5\" data-element_type=\"container\">\n\t\t<div class=\"elementor-element elementor-element-d7a9e05 e-con-full e-flex e-con e-child\" data-id=\"d7a9e05\" data-element_type=\"container\">\n\t\t\t\t<div class=\"elementor-element elementor-element-050873b elementor-widget elementor-widget-heading\" data-id=\"050873b\" data-element_type=\"widget\" data-widget_type=\"heading.default\">\n\t\t\t\t\t<h2 class=\"elementor-heading-title elementor-size-default\">Local technique<\/h2>\t\t\t\t<\/div>\n\t\t\t\t<div class=\"elementor-element elementor-element-7eed435 elementor-widget-divider--view-line elementor-widget elementor-widget-divider\" data-id=\"7eed435\" data-element_type=\"widget\" data-widget_type=\"divider.default\">\n\t\t\t\t\t\t\t<div class=\"elementor-divider\">\n\t\t\t<span class=\"elementor-divider-separator\">\n\t\t\t\t\t\t<\/span>\n\t\t<\/div>\n\t\t\t\t\t\t<\/div>\n\t\t\t\t<\/div>\n\t\t\t\t<div class=\"elementor-element elementor-element-215aa30 elementor-widget__width-initial elementor-widget-tablet__width-inherit elementor-widget elementor-widget-text-editor\" data-id=\"215aa30\" data-element_type=\"widget\" data-widget_type=\"text-editor.default\">\n\t\t\t\t\t\t\t\t\t<p>Dans le local technique, on trouve la pompe et le filtre qui peuvent se d\u00e9t\u00e9riorer avec le temps et pr\u00e9senter de petites fuites d&rsquo;eau.<\/p><p>Un entretien est donc n\u00e9cessaire.<br>Deux exemples courants de points \u00e0 v\u00e9rifier :<\/p><p> Les roulements des moteurs n\u00e9cessitent un entretien<br>Pour le filtre, il faut changer le sable tous les 5 ans environ afin d&rsquo;assurer une bonne filtration de l&rsquo;eau.<\/p>\t\t\t\t\t\t\t\t<\/div>\n\t\t\t\t<div class=\"elementor-element elementor-element-0364cbd elementor-mobile-align-center elementor-widget elementor-widget-button\" data-id=\"0364cbd\" data-element_type=\"widget\" data-widget_type=\"button.default\">\n\t\t\t\t\t\t\t\t\t\t<a class=\"elementor-button elementor-button-link elementor-size-sm\" href=\"#\">\n\t\t\t\t\t\t<span class=\"elementor-button-content-wrapper\">\n\t\t\t\t\t\t\t\t\t<span class=\"elementor-button-text\">VOIR LES TYPES DE PISCINES<\/span>\n\t\t\t\t\t<\/span>\n\t\t\t\t\t<\/a>\n\t\t\t\t\t\t\t\t<\/div>\n\t\t\t\t<\/div>\n\t\t<div class=\"elementor-element elementor-element-66ccf68 e-con-full e-flex e-con e-child\" data-id=\"66ccf68\" data-element_type=\"container\">\n\t\t\t\t<div class=\"elementor-element elementor-element-57c55a6 elementor-widget elementor-widget-image\" data-id=\"57c55a6\" data-element_type=\"widget\" data-widget_type=\"image.default\">\n\t\t\t\t\t\t\t\t\t\t\t\t\t\t\t<img alt=\"\" fetchpriority=\"high\" decoding=\"async\" width=\"809\" height=\"436\" src=\"https:\/\/piscinesvilabertran.com\/wp-content\/uploads\/2024\/12\/2147683336-1.png\" class=\"attachment-full size-full wp-image-1576\" alt=\"\" srcset=\"https:\/\/piscinesvilabertran.com\/wp-content\/uploads\/2024\/12\/2147683336-1.png 809w, https:\/\/piscinesvilabertran.com\/wp-content\/uploads\/2024\/12\/2147683336-1-300x162.png 300w, https:\/\/piscinesvilabertran.com\/wp-content\/uploads\/2024\/12\/2147683336-1-768x414.png 768w\" sizes=\"(max-width: 809px) 100vw, 809px\" \/>\t\t\t\t\t\t\t\t\t\t\t\t\t\t\t<\/div>\n\t\t\t\t<\/div>\n\t\t\t\t\t<\/div>\n\t\t\t\t<\/div>\n\t\t\t\t\t<\/div>\n\t\t\t\t<\/div>\n\t\t<div class=\"elementor-element elementor-element-dffe432 e-flex e-con-boxed e-con e-parent\" data-id=\"dffe432\" data-element_type=\"container\" data-settings=\"{&quot;background_background&quot;:&quot;classic&quot;}\">\n\t\t\t\t\t<div class=\"e-con-inner\">\n\t\t\t\t<div class=\"elementor-element elementor-element-77d1f07 elementor-widget elementor-widget-heading\" data-id=\"77d1f07\" data-element_type=\"widget\" data-widget_type=\"heading.default\">\n\t\t\t\t\t<h2 class=\"elementor-heading-title elementor-size-default\">Conseils pour ne pas endommager les composants de la piscine<\/h2>\t\t\t\t<\/div>\n\t\t\t\t<div class=\"elementor-element elementor-element-b751e57 elementor-widget elementor-widget-heading\" data-id=\"b751e57\" data-element_type=\"widget\" data-widget_type=\"heading.default\">\n\t\t\t\t\t<h2 class=\"elementor-heading-title elementor-size-default\">Pour \u00e9viter les r\u00e9parations au fil des ans, nous vous conseillons avant tout de maintenir la piscine pleine d'eau et en fonctionnement toute l'ann\u00e9e. De \u00ab cette mani\u00e8re, vous \u00e9vitez que des \u00e9l\u00e9ments comme le gresite ou l \u00bb \u00e9quipement de filtration ne se d\u00e9t\u00e9riorent autant.<\/h2>\t\t\t\t<\/div>\n\t\t\t\t<div class=\"elementor-element elementor-element-959f8a1 elementor-align-center elementor-mobile-align-center elementor-widget elementor-widget-button\" data-id=\"959f8a1\" data-element_type=\"widget\" data-widget_type=\"button.default\">\n\t\t\t\t\t\t\t\t\t\t<a class=\"elementor-button elementor-button-link elementor-size-sm\" href=\"#\">\n\t\t\t\t\t\t<span class=\"elementor-button-content-wrapper\">\n\t\t\t\t\t\t\t\t\t<span class=\"elementor-button-text\">PLUS D'INFORMATIONS<\/span>\n\t\t\t\t\t<\/span>\n\t\t\t\t\t<\/a>\n\t\t\t\t\t\t\t\t<\/div>\n\t\t\t\t\t<\/div>\n\t\t\t\t<\/div>\n\t\t<div class=\"elementor-element elementor-element-306006c e-flex e-con-boxed e-con e-parent\" data-id=\"306006c\" data-element_type=\"container\" data-settings=\"{&quot;background_background&quot;:&quot;classic&quot;}\">\n\t\t\t\t\t<div class=\"e-con-inner\">\n\t\t<div class=\"elementor-element elementor-element-4f3b415 e-flex e-con-boxed e-con e-child\" data-id=\"4f3b415\" data-element_type=\"container\" data-settings=\"{&quot;background_background&quot;:&quot;classic&quot;}\">\n\t\t\t\t\t<div class=\"e-con-inner\">\n\t\t<div class=\"elementor-element elementor-element-e3f3f73 e-con-full e-flex e-con e-child\" data-id=\"e3f3f73\" data-element_type=\"container\">\n\t\t\t\t<div class=\"elementor-element elementor-element-4641479 elementor-widget elementor-widget-image\" data-id=\"4641479\" data-element_type=\"widget\" data-widget_type=\"image.default\">\n\t\t\t\t\t\t\t\t\t\t\t\t\t\t\t<img alt=\"\" decoding=\"async\" width=\"800\" height=\"496\" src=\"https:\/\/piscinesvilabertran.com\/wp-content\/uploads\/2024\/12\/blue-mosaic-bathroom-or-kitchen-tile-wall-ceramic-2023-11-27-05-14-29-utc-1.png\" class=\"attachment-large size-large wp-image-1580\" alt=\"\" srcset=\"https:\/\/piscinesvilabertran.com\/wp-content\/uploads\/2024\/12\/blue-mosaic-bathroom-or-kitchen-tile-wall-ceramic-2023-11-27-05-14-29-utc-1.png 802w, https:\/\/piscinesvilabertran.com\/wp-content\/uploads\/2024\/12\/blue-mosaic-bathroom-or-kitchen-tile-wall-ceramic-2023-11-27-05-14-29-utc-1-300x186.png 300w, https:\/\/piscinesvilabertran.com\/wp-content\/uploads\/2024\/12\/blue-mosaic-bathroom-or-kitchen-tile-wall-ceramic-2023-11-27-05-14-29-utc-1-768x476.png 768w\" sizes=\"(max-width: 800px) 100vw, 800px\" \/>\t\t\t\t\t\t\t\t\t\t\t\t\t\t\t<\/div>\n\t\t\t\t<\/div>\n\t\t<div class=\"elementor-element elementor-element-0795f58 e-con-full e-flex e-con e-child\" data-id=\"0795f58\" data-element_type=\"container\">\n\t\t<div class=\"elementor-element elementor-element-e4a5a89 e-con-full e-flex e-con e-child\" data-id=\"e4a5a89\" data-element_type=\"container\">\n\t\t\t\t<div class=\"elementor-element elementor-element-3ca9a07 elementor-widget elementor-widget-heading\" data-id=\"3ca9a07\" data-element_type=\"widget\" data-widget_type=\"heading.default\">\n\t\t\t\t\t<h2 class=\"elementor-heading-title elementor-size-default\">Local technique<\/h2>\t\t\t\t<\/div>\n\t\t\t\t<div class=\"elementor-element elementor-element-18bf5f8 elementor-widget-divider--view-line elementor-widget elementor-widget-divider\" data-id=\"18bf5f8\" data-element_type=\"widget\" data-widget_type=\"divider.default\">\n\t\t\t\t\t\t\t<div class=\"elementor-divider\">\n\t\t\t<span class=\"elementor-divider-separator\">\n\t\t\t\t\t\t<\/span>\n\t\t<\/div>\n\t\t\t\t\t\t<\/div>\n\t\t\t\t<\/div>\n\t\t<div class=\"elementor-element elementor-element-672ab1f e-con-full e-flex e-con e-child\" data-id=\"672ab1f\" data-element_type=\"container\">\n\t\t\t\t<div class=\"elementor-element elementor-element-8155dfb elementor-widget__width-initial elementor-widget-tablet__width-inherit elementor-widget elementor-widget-text-editor\" data-id=\"8155dfb\" data-element_type=\"widget\" data-widget_type=\"text-editor.default\">\n\t\t\t\t\t\t\t\t\t<p>Il \u00ab est conseill\u00e9 de refaire les joints du gresite environ tous les 10 ans.<br>Le gresite est un mat\u00e9riau de construction compos\u00e9 de verre, de pr\u00e9f\u00e9rence de verre recycl\u00e9, qui s&rsquo; \u00bb utilise pour le rev\u00eatement des piscines. <br>Cependant, si le niveau de pH de l&rsquo;\u00ab eau n&rsquo;est pas correctement maintenu, le gresite peut se d\u00e9t\u00e9riorer avant l&rsquo; \u00bb heure. Il faut donc le r\u00e9parer avant que ces 10 ans ne soient \u00e9coul\u00e9s.<br>En quoi consiste le rejointoiement des carreaux de gresite ? En fait, les pi\u00e8ces qui sont tomb\u00e9es ou qui sont desserr\u00e9es doivent \u00eatre remplac\u00e9es et recoll\u00e9es.<\/p>\t\t\t\t\t\t\t\t<\/div>\n\t\t\t\t<div class=\"elementor-element elementor-element-47b7a4b elementor-mobile-align-center elementor-widget elementor-widget-button\" data-id=\"47b7a4b\" data-element_type=\"widget\" data-widget_type=\"button.default\">\n\t\t\t\t\t\t\t\t\t\t<a class=\"elementor-button elementor-button-link elementor-size-sm\" href=\"#\">\n\t\t\t\t\t\t<span class=\"elementor-button-content-wrapper\">\n\t\t\t\t\t\t\t\t\t<span class=\"elementor-button-text\">VOIR LES TYPES DE PISCINES<\/span>\n\t\t\t\t\t<\/span>\n\t\t\t\t\t<\/a>\n\t\t\t\t\t\t\t\t<\/div>\n\t\t\t\t<\/div>\n\t\t\t\t<\/div>\n\t\t\t\t\t<\/div>\n\t\t\t\t<\/div>\n\t\t\t\t\t<\/div>\n\t\t\t\t<\/div>\n\t\t<div class=\"elementor-element elementor-element-e26a8b6 e-flex e-con-boxed e-con e-parent\" data-id=\"e26a8b6\" data-element_type=\"container\" data-settings=\"{&quot;background_background&quot;:&quot;classic&quot;}\">\n\t\t\t\t\t<div class=\"e-con-inner\">\n\t\t<div class=\"elementor-element elementor-element-9723ead e-flex e-con-boxed e-con e-child\" data-id=\"9723ead\" data-element_type=\"container\" data-settings=\"{&quot;background_background&quot;:&quot;classic&quot;}\">\n\t\t\t\t\t<div class=\"e-con-inner\">\n\t\t<div class=\"elementor-element elementor-element-3ea58e9 e-con-full e-flex e-con e-child\" data-id=\"3ea58e9\" data-element_type=\"container\">\n\t\t<div class=\"elementor-element elementor-element-3daa092 e-con-full e-flex e-con e-child\" data-id=\"3daa092\" data-element_type=\"container\">\n\t\t\t\t<div class=\"elementor-element elementor-element-690ba6d elementor-widget elementor-widget-heading\" data-id=\"690ba6d\" data-element_type=\"widget\" data-widget_type=\"heading.default\">\n\t\t\t\t\t<h2 class=\"elementor-heading-title elementor-size-default\">R\u00e9parer les composants \u00e9lectriques<\/h2>\t\t\t\t<\/div>\n\t\t\t\t<div class=\"elementor-element elementor-element-9ac9c59 elementor-widget-divider--view-line elementor-widget elementor-widget-divider\" data-id=\"9ac9c59\" data-element_type=\"widget\" data-widget_type=\"divider.default\">\n\t\t\t\t\t\t\t<div class=\"elementor-divider\">\n\t\t\t<span class=\"elementor-divider-separator\">\n\t\t\t\t\t\t<\/span>\n\t\t<\/div>\n\t\t\t\t\t\t<\/div>\n\t\t\t\t<\/div>\n\t\t\t\t<div class=\"elementor-element elementor-element-ae3efa9 elementor-widget elementor-widget-n-accordion\" data-id=\"ae3efa9\" data-element_type=\"widget\" data-settings=\"{&quot;default_state&quot;:&quot;expanded&quot;,&quot;max_items_expended&quot;:&quot;one&quot;,&quot;n_accordion_animation_duration&quot;:{&quot;unit&quot;:&quot;ms&quot;,&quot;size&quot;:400,&quot;sizes&quot;:[]}}\" data-widget_type=\"nested-accordion.default\">\n\t\t\t\t\t\t\t<div class=\"e-n-accordion\" aria-label=\"Accordion. Open links with Enter or Space, close with Escape, and navigate with Arrow Keys\">\n\t\t\t\t\t\t<details id=\"e-n-accordion-item-1820\" class=\"e-n-accordion-item\" open>\n\t\t\t\t<summary class=\"e-n-accordion-item-title\" data-accordion-index=\"1\" tabindex=\"0\" aria-expanded=\"true\" aria-controls=\"e-n-accordion-item-1820\" >\n\t\t\t\t\t<span class='e-n-accordion-item-title-header'><div class=\"e-n-accordion-item-title-text\"> . Tableau \u00e9lectrique <\/div><\/span>\n\t\t\t\t\t\t\t<span class='e-n-accordion-item-title-icon'>\n\t\t\t<span class='e-opened' ><svg aria-hidden=\"true\" class=\"e-font-icon-svg e-fas-angle-down\" viewBox=\"0 0 320 512\" xmlns=\"http:\/\/www.w3.org\/2000\/svg\"><path d=\"M143 352.3L7 216.3c-9.4-9.4-9.4-24.6 0-33.9l22.6-22.6c9.4-9.4 24.6-9.4 33.9 0l96.4 96.4 96.4-96.4c9.4-9.4 24.6-9.4 33.9 0l22.6 22.6c9.4 9.4 9.4 24.6 0 33.9l-136 136c-9.2 9.4-24.4 9.4-33.8 0z\"><\/path><\/svg><\/span>\n\t\t\t<span class='e-closed'><svg aria-hidden=\"true\" class=\"e-font-icon-svg e-fas-angle-down\" viewBox=\"0 0 320 512\" xmlns=\"http:\/\/www.w3.org\/2000\/svg\"><path d=\"M143 352.3L7 216.3c-9.4-9.4-9.4-24.6 0-33.9l22.6-22.6c9.4-9.4 24.6-9.4 33.9 0l96.4 96.4 96.4-96.4c9.4-9.4 24.6-9.4 33.9 0l22.6 22.6c9.4 9.4 9.4 24.6 0 33.9l-136 136c-9.2 9.4-24.4 9.4-33.8 0z\"><\/path><\/svg><\/span>\n\t\t<\/span>\n\n\t\t\t\t\t\t<\/summary>\n\t\t\t\t<div role=\"region\" aria-labelledby=\"e-n-accordion-item-1820\" class=\"elementor-element elementor-element-3926401 e-con-full e-flex e-con e-child\" data-id=\"3926401\" data-element_type=\"container\">\n\t\t\t\t<div class=\"elementor-element elementor-element-a599ba6 elementor-widget elementor-widget-heading\" data-id=\"a599ba6\" data-element_type=\"widget\" data-widget_type=\"heading.default\">\n\t\t\t\t\t<h2 class=\"elementor-heading-title elementor-size-default\">Le tableau \u00e9lectrique sert \u00e0 la protection et \u00e0 la man\u0153uvre des moteurs de filtration de piscine, ainsi qu'\u00e0 la r\u00e9gulation thermique pour contr\u00f4ler la consommation et la protection diff\u00e9rentielle.  \nDans la piscine, des composants \u00e9lectriques peuvent \u00e9galement tomber en panne, comme par exemple le tableau \u00e9lectrique, que ce soit \u00e0 cause d'une surtension ou d'une inondation, et c'est g\u00e9n\u00e9ralement le tableau \u00e9lectrique qui doit \u00eatre r\u00e9par\u00e9 ou remplac\u00e9.<\/h2>\t\t\t\t<\/div>\n\t\t\t\t<\/div>\n\t\t\t\t\t<\/details>\n\t\t\t\t\t\t<details id=\"e-n-accordion-item-1821\" class=\"e-n-accordion-item\" >\n\t\t\t\t<summary class=\"e-n-accordion-item-title\" data-accordion-index=\"2\" tabindex=\"-1\" aria-expanded=\"false\" aria-controls=\"e-n-accordion-item-1821\" >\n\t\t\t\t\t<span class='e-n-accordion-item-title-header'><div class=\"e-n-accordion-item-title-text\"> . Changer l'\u00e9clairage LED <\/div><\/span>\n\t\t\t\t\t\t\t<span class='e-n-accordion-item-title-icon'>\n\t\t\t<span class='e-opened' ><svg aria-hidden=\"true\" class=\"e-font-icon-svg e-fas-angle-down\" viewBox=\"0 0 320 512\" xmlns=\"http:\/\/www.w3.org\/2000\/svg\"><path d=\"M143 352.3L7 216.3c-9.4-9.4-9.4-24.6 0-33.9l22.6-22.6c9.4-9.4 24.6-9.4 33.9 0l96.4 96.4 96.4-96.4c9.4-9.4 24.6-9.4 33.9 0l22.6 22.6c9.4 9.4 9.4 24.6 0 33.9l-136 136c-9.2 9.4-24.4 9.4-33.8 0z\"><\/path><\/svg><\/span>\n\t\t\t<span class='e-closed'><svg aria-hidden=\"true\" class=\"e-font-icon-svg e-fas-angle-down\" viewBox=\"0 0 320 512\" xmlns=\"http:\/\/www.w3.org\/2000\/svg\"><path d=\"M143 352.3L7 216.3c-9.4-9.4-9.4-24.6 0-33.9l22.6-22.6c9.4-9.4 24.6-9.4 33.9 0l96.4 96.4 96.4-96.4c9.4-9.4 24.6-9.4 33.9 0l22.6 22.6c9.4 9.4 9.4 24.6 0 33.9l-136 136c-9.2 9.4-24.4 9.4-33.8 0z\"><\/path><\/svg><\/span>\n\t\t<\/span>\n\n\t\t\t\t\t\t<\/summary>\n\t\t\t\t<div role=\"region\" aria-labelledby=\"e-n-accordion-item-1821\" class=\"elementor-element elementor-element-a8d1756 e-con-full e-flex e-con e-child\" data-id=\"a8d1756\" data-element_type=\"container\">\n\t\t\t\t<div class=\"elementor-element elementor-element-a1253aa elementor-widget elementor-widget-heading\" data-id=\"a1253aa\" data-element_type=\"widget\" data-widget_type=\"heading.default\">\n\t\t\t\t\t<h2 class=\"elementor-heading-title elementor-size-default\">Le tableau \u00e9lectrique sert \u00e0 la protection et \u00e0 la man\u0153uvre des moteurs de filtration de piscine, ainsi qu'\u00e0 la r\u00e9gulation thermique pour contr\u00f4ler la consommation et la protection diff\u00e9rentielle.  \nDans la piscine, des composants \u00e9lectriques peuvent \u00e9galement tomber en panne, comme par exemple le tableau \u00e9lectrique, que ce soit \u00e0 cause d'une surtension ou d'une inondation, et c'est g\u00e9n\u00e9ralement le tableau \u00e9lectrique qui doit \u00eatre r\u00e9par\u00e9 ou remplac\u00e9.<\/h2>\t\t\t\t<\/div>\n\t\t\t\t<\/div>\n\t\t\t\t\t<\/details>\n\t\t\t\t\t<\/div>\n\t\t\t\t\t\t<\/div>\n\t\t\t\t<\/div>\n\t\t<div class=\"elementor-element elementor-element-6a72d67 e-con-full e-flex e-con e-child\" data-id=\"6a72d67\" data-element_type=\"container\">\n\t\t\t\t<div class=\"elementor-element elementor-element-55437e1 elementor-widget elementor-widget-image\" data-id=\"55437e1\" data-element_type=\"widget\" data-widget_type=\"image.default\">\n\t\t\t\t\t\t\t\t\t\t\t\t\t\t\t<img alt=\"\" decoding=\"async\" width=\"672\" height=\"573\" src=\"https:\/\/piscinesvilabertran.com\/wp-content\/uploads\/2024\/12\/2150520327-removebg-preview-1.png\" class=\"attachment-full size-full wp-image-1582\" alt=\"\" srcset=\"https:\/\/piscinesvilabertran.com\/wp-content\/uploads\/2024\/12\/2150520327-removebg-preview-1.png 672w, https:\/\/piscinesvilabertran.com\/wp-content\/uploads\/2024\/12\/2150520327-removebg-preview-1-300x256.png 300w\" sizes=\"(max-width: 672px) 100vw, 672px\" \/>\t\t\t\t\t\t\t\t\t\t\t\t\t\t\t<\/div>\n\t\t\t\t<\/div>\n\t\t\t\t\t<\/div>\n\t\t\t\t<\/div>\n\t\t\t\t\t<\/div>\n\t\t\t\t<\/div>\n\t\t<div class=\"elementor-element elementor-element-c6c4551 e-flex e-con-boxed e-con e-parent\" data-id=\"c6c4551\" data-element_type=\"container\" data-settings=\"{&quot;background_background&quot;:&quot;classic&quot;}\">\n\t\t\t\t\t<div class=\"e-con-inner\">\n\t\t\t\t<div class=\"elementor-element elementor-element-cb0e54c elementor-widget elementor-widget-heading\" data-id=\"cb0e54c\" data-element_type=\"widget\" data-widget_type=\"heading.default\">\n\t\t\t\t\t<h2 class=\"elementor-heading-title elementor-size-default\">R\u00e9servez votre rendez-vous<\/h2>\t\t\t\t<\/div>\n\t\t\t\t<div class=\"elementor-element elementor-element-52bafab elementor-widget elementor-widget-heading\" data-id=\"52bafab\" data-element_type=\"widget\" data-widget_type=\"heading.default\">\n\t\t\t\t\t<h2 class=\"elementor-heading-title elementor-size-default\">Nous r\u00e9pondrons \u00e0 toutes vos questions<\/h2>\t\t\t\t<\/div>\n\t\t\t\t<div class=\"elementor-element elementor-element-2c93b96 elementor-align-center elementor-widget elementor-widget-button\" data-id=\"2c93b96\" data-element_type=\"widget\" data-widget_type=\"button.default\">\n\t\t\t\t\t\t\t\t\t\t<a class=\"elementor-button elementor-button-link elementor-size-sm\" href=\"#\">\n\t\t\t\t\t\t<span class=\"elementor-button-content-wrapper\">\n\t\t\t\t\t\t\t\t\t<span class=\"elementor-button-text\">R\u00c9SERVER UN RENDEZ-VOUS<\/span>\n\t\t\t\t\t<\/span>\n\t\t\t\t\t<\/a>\n\t\t\t\t\t\t\t\t<\/div>\n\t\t\t\t\t<\/div>\n\t\t\t\t<\/div>\n\t\t\t\t<\/div>\n\t\t","protected":false},"excerpt":{"rendered":"<p>R\u00e9parations de piscines Les r\u00e9parations peuvent \u00eatre nombreusesChaque piscine \u00e9tant unique R\u00c9SERVER UN RENDEZ-VOUS Local technique Dans le local technique, on trouve la pompe et le filtre qui peuvent se d\u00e9t\u00e9riorer avec le temps et pr\u00e9senter de petites fuites d&rsquo;eau. Un entretien est donc n\u00e9cessaire.Deux exemples courants de points \u00e0 v\u00e9rifier : Les roulements des [&hellip;]<\/p>\n","protected":false},"author":1,"featured_media":0,"parent":0,"menu_order":0,"comment_status":"closed","ping_status":"closed","template":"","meta":{"_seopress_robots_primary_cat":"","_seopress_titles_title":"R\u00e9parations de piscines: entretien et conseils","_seopress_titles_desc":"Assurez le bon fonctionnement de votre piscine en r\u00e9servant un entretien sp\u00e9cialis\u00e9 pour \u00e9viter les r\u00e9parations on\u00e9reuses. Contactez-nous d\u00e8s aujourd'hui !","_seopress_robots_index":"","footnotes":""},"class_list":["post-1718","page","type-page","status-publish","hentry"],"_links":{"self":[{"href":"https:\/\/piscinesvilabertran.com\/fr\/wp-json\/wp\/v2\/pages\/1718","targetHints":{"allow":["GET"]}}],"collection":[{"href":"https:\/\/piscinesvilabertran.com\/fr\/wp-json\/wp\/v2\/pages"}],"about":[{"href":"https:\/\/piscinesvilabertran.com\/fr\/wp-json\/wp\/v2\/types\/page"}],"author":[{"embeddable":true,"href":"https:\/\/piscinesvilabertran.com\/fr\/wp-json\/wp\/v2\/users\/1"}],"replies":[{"embeddable":true,"href":"https:\/\/piscinesvilabertran.com\/fr\/wp-json\/wp\/v2\/comments?post=1718"}],"version-history":[{"count":1,"href":"https:\/\/piscinesvilabertran.com\/fr\/wp-json\/wp\/v2\/pages\/1718\/revisions"}],"predecessor-version":[{"id":1719,"href":"https:\/\/piscinesvilabertran.com\/fr\/wp-json\/wp\/v2\/pages\/1718\/revisions\/1719"}],"wp:attachment":[{"href":"https:\/\/piscinesvilabertran.com\/fr\/wp-json\/wp\/v2\/media?parent=1718"}],"curies":[{"name":"wp","href":"https:\/\/api.w.org\/{rel}","templated":true}]}}